{"id":581,"date":"2024-02-20T12:44:50","date_gmt":"2024-02-20T12:44:50","guid":{"rendered":"https:\/\/pool-spa.sk\/index.php\/product\/keramicky-bazen-xl-fast-lane-copy\/"},"modified":"2024-05-21T15:05:57","modified_gmt":"2024-05-21T15:05:57","slug":"keramicky-bazen-trend","status":"publish","type":"product","link":"https:\/\/pool-spa.sk\/index.php\/product\/keramicky-bazen-trend\/","title":{"rendered":"Trend"},"content":{"rendered":"<div class=\"wpb-content-wrapper\"><p>[vc_row][vc_column][vc_column_text]<\/p>\n<ul>\n<li>volite\u013en\u00e1 integrovan\u00e1\u00a0<strong>technick\u00e1 \u0161achta<\/strong>\u00a0s prekryt\u00edm vo farbe baz\u00e9na<\/li>\n<li>\u0161irok\u00e9 schody s proti\u0161mykov\u00fdm povrchom<\/li>\n<li>integrovan\u00fd skimmer\u00a0pre maxim\u00e1lnu vodn\u00fa hladinu<\/li>\n<li>madlo na bezpe\u010dn\u00e9 vedenia\u00a0<strong>baz\u00e9novej rolety<\/strong><\/li>\n<\/ul>\n<p>[\/vc_column_text]<div class=\"grve-empty-space grve-height-2x\"><\/div>[vc_raw_html]JTVCb3hpbGFiX2ZsaXBfYm94JTIwaWQlM0QlMjIxJTIyJTVE[\/vc_raw_html][\/vc_column][\/vc_row][vc_row][vc_column][vc_tta_accordion active_section=&#8220;9&#8243;][vc_tta_section title=&#8220;Protipr\u00fad&#8220; tab_id=&#8220;1708102819405-2e2c011e-3289&#8243;][vc_column_text]V\u010faka\u00a0<strong>baz\u00e9nov\u00e9mu protipr\u00fadu<\/strong>\u00a0sa d\u00e1 \u0161portovo pl\u00e1va\u0165 aj v men\u0161om baz\u00e9ne.<\/p>\n<p><img loading=\"lazy\" decoding=\"async\" class=\"alignnone size-full wp-image-498\" src=\"https:\/\/pool-spa.sk\/wp-content\/uploads\/2024\/02\/x1.jpg\" alt=\"\" width=\"300\" height=\"189\" \/>[\/vc_column_text][\/vc_tta_section][vc_tta_section title=&#8220;Zastre\u0161enie baz\u00e9na&#8220; tab_id=&#8220;1708102819417-fead30c9-f594&#8243;][vc_column_text]<strong>Baz\u00e9nov\u00e9 zastre\u0161enie<\/strong>\u00a0pred\u013a\u017ei k\u00fapaciu sez\u00f3nu, udr\u017euje baz\u00e9n tepl\u00fd a chr\u00e1ni ho pred ne\u010distotami.<\/p>\n<p><img loading=\"lazy\" decoding=\"async\" class=\"alignnone size-full wp-image-499\" src=\"https:\/\/pool-spa.sk\/wp-content\/uploads\/2024\/02\/x2.jpg\" alt=\"\" width=\"300\" height=\"164\" \/>[\/vc_column_text][\/vc_tta_section][vc_tta_section title=&#8220;Lamelov\u00e9 prekrytie&#8220; tab_id=&#8220;1708102885199-4c603a9e-c9e6&#8243;][vc_column_text]Integrovan\u00e9 roletov\u00e9 prekrytie efekt\u00edvne zohrieva vodu v baz\u00e9ne a z\u00e1rove\u0148 zais\u0165uje jeho bezpe\u010dnos\u0165.<\/p>\n<p><img loading=\"lazy\" decoding=\"async\" class=\"alignnone size-full wp-image-500\" src=\"https:\/\/pool-spa.sk\/wp-content\/uploads\/2024\/02\/x3.jpg\" alt=\"\" width=\"300\" height=\"150\" \/>[\/vc_column_text][\/vc_tta_section][vc_tta_section title=&#8220;Samo\u010distiaci syst\u00e9m&#8220; tab_id=&#8220;1708102886347-03a13327-0f2e&#8220;][vc_column_text]Nem\u00e1te \u010das stara\u0165 sa o baz\u00e9n? Samo\u010distiaci baz\u00e9n sa\u00a0<strong>s\u00e1m vy\u010dist\u00ed<\/strong>, u\u0161etr\u00ed peniaze a spotrebuje menej ch\u00e9mie.<\/p>\n<p><img loading=\"lazy\" decoding=\"async\" class=\"alignnone size-full wp-image-501\" src=\"https:\/\/pool-spa.sk\/wp-content\/uploads\/2024\/02\/x4.jpg\" alt=\"\" width=\"300\" height=\"182\" \/>[\/vc_column_text][\/vc_tta_section][\/vc_tta_accordion][\/vc_column][\/vc_row][vc_row][vc_column][vc_raw_html]JTNDZmlndXJlJTIwY2xhc3MlM0QlMjJ3cC1ibG9jay10YWJsZSUyMiUzRSUwQSUzQ3RhYmxlJTNFJTBBJTNDdGJvZHklM0UlMEElM0N0ciUzRSUwQSUzQ3RkJTNFTU9ERUwlM0MlMkZ0ZCUzRSUwQSUzQ3RkJTNFRCVDNCVCOSVDNSVCREtBJTNDJTJGdGQlM0UlMEElM0N0ZCUzRSVDNSVBMCVDMyU4RFJLQSUzQyUyRnRkJTNFJTBBJTNDdGQlM0VIJUM0JUI5QktBJTNDJTJGdGQlM0UlMEElM0N0ZCUzRU9CSkVNJTNDJTJGdGQlM0UlMEElM0N0ZCUzRVJPTEVUQSUzQyUyRnRkJTNFJTBBJTNDJTJGdHIlM0UlMEElM0N0ciUzRSUwQSUzQ3RkJTNFVFJFTkQlMjA3MyUzQyUyRnRkJTNFJTBBJTNDdGQlM0U3JTJDMzBtJTNDJTJGdGQlM0UlMEElM0N0ZCUzRTMlMkMzMG0lM0MlMkZ0ZCUzRSUwQSUzQ3RkJTNFMSUyQzUwbSUzQyUyRnRkJTNFJTBBJTNDdGQlM0UzMW0lM0NzdHJvbmclM0UlQzIlQjMlM0MlMkZzdHJvbmclM0UlMEElM0MlMkZ0ZCUzRSUwQSUzQ3RkJTNFJTJCJTNDJTJGdGQlM0UlMEElM0MlMkZ0ciUzRSUwQSUzQyUyRnRib2R5JTNFJTBBJTNDJTJGdGFibGUlM0UlMEElM0MlMkZmaWd1cmUlM0U=[\/vc_raw_html][\/vc_column][\/vc_row][vc_row][vc_column]<div data-animation=\"fade-in\" data-delay=\"100\" data-duration=\"normal\" class=\"grve-element grve-image grve-align-center grve-animated-item\">\r\n\t<div class=\"grve-image-item\">\r\n\t\t\r\n\r\n<div class=\"grve-image-wrapper grve-no-effect\">\r\n\t\t<div class=\"grve-thumbnail-wrapper\"  style=\"width: 1053px;\"><div class=\"grve-thumbnail\"  style=\"padding-top: 45.774%;\"><img loading=\"lazy\" decoding=\"async\" width=\"1053\" height=\"482\" src=\"https:\/\/pool-spa.sk\/wp-content\/uploads\/2024\/02\/Trend_73.png\" class=\"attachment-full size-full\" alt=\"\" data-column-space=\"auto\" data-lazyload=\"\" data-grve-filter=\"yes\" srcset=\"https:\/\/pool-spa.sk\/wp-content\/uploads\/2024\/02\/Trend_73.png 1053w, https:\/\/pool-spa.sk\/wp-content\/uploads\/2024\/02\/Trend_73-300x137.png 300w, https:\/\/pool-spa.sk\/wp-content\/uploads\/2024\/02\/Trend_73-1024x469.png 1024w, https:\/\/pool-spa.sk\/wp-content\/uploads\/2024\/02\/Trend_73-768x352.png 768w\" sizes=\"auto, (max-width: 1053px) 100vw, 1053px\" \/><\/div><\/div>\t<\/div>\r\n\t<\/div>\r\n<\/div>\r\n[\/vc_column][\/vc_row]<\/p>\n<\/div>","protected":false},"excerpt":{"rendered":"<p>Baz\u00e9n do zeme so \u0161irok\u00fdm schodiskom na celej strane. Ako jedin\u00fd n\u00e1\u0161 baz\u00e9n m\u00e1 TREND\u00a0<strong>integrovan\u00fd skimmer<\/strong>\u00a0a \u0161achtu na technol\u00f3giu u\u017e v z\u00e1kladnej v\u00fdbave. V\u010faka integrovan\u00e9mu skimmeru m\u00e1 vy\u0161\u0161iu hladinu vody.<\/p>\n","protected":false},"featured_media":1058,"template":"","meta":[],"product_cat":[17,20],"product_tag":[],"class_list":{"0":"post-581","1":"product","2":"type-product","3":"status-publish","4":"has-post-thumbnail","6":"product_cat-keramicke-bazeny","7":"product_cat-stredne-keramicke-bazeny","8":"grve-entry-item","10":"first","11":"instock","12":"shipping-taxable","13":"product-type-simple"},"_links":{"self":[{"href":"https:\/\/pool-spa.sk\/index.php\/wp-json\/wp\/v2\/product\/581","targetHints":{"allow":["GET"]}}],"collection":[{"href":"https:\/\/pool-spa.sk\/index.php\/wp-json\/wp\/v2\/product"}],"about":[{"href":"https:\/\/pool-spa.sk\/index.php\/wp-json\/wp\/v2\/types\/product"}],"wp:featuredmedia":[{"embeddable":true,"href":"https:\/\/pool-spa.sk\/index.php\/wp-json\/wp\/v2\/media\/1058"}],"wp:attachment":[{"href":"https:\/\/pool-spa.sk\/index.php\/wp-json\/wp\/v2\/media?parent=581"}],"wp:term":[{"taxonomy":"product_cat","embeddable":true,"href":"https:\/\/pool-spa.sk\/index.php\/wp-json\/wp\/v2\/product_cat?post=581"},{"taxonomy":"product_tag","embeddable":true,"href":"https:\/\/pool-spa.sk\/index.php\/wp-json\/wp\/v2\/product_tag?post=581"}],"curies":[{"name":"wp","href":"https:\/\/api.w.org\/{rel}","templated":true}]}}