{"id":552,"date":"2024-02-19T14:48:34","date_gmt":"2024-02-19T14:48:34","guid":{"rendered":"https:\/\/pool-spa.sk\/index.php\/product\/keramicky-plunge-bazen-copy\/"},"modified":"2024-07-02T16:33:47","modified_gmt":"2024-07-02T16:33:47","slug":"keramicky-baby-pool-bazen","status":"publish","type":"product","link":"https:\/\/pool-spa.sk\/index.php\/product\/keramicky-baby-pool-bazen\/","title":{"rendered":"Baby-Pool"},"content":{"rendered":"<div class=\"wpb-content-wrapper\"><p>[vc_row][vc_column][vc_column_text]<\/p>\n<ul>\n<li>modern\u00fd tvar a maxim\u00e1lna h\u013abka 88 cm<\/li>\n<li>kompaktn\u00fd design a optim\u00e1lne rozmery<\/li>\n<li>vhodn\u00fd na in\u0161tal\u00e1ciu integrovan\u00e9ho lamelov\u00e9ho krytu Rollo Cover<\/li>\n<li>maxim\u00e1lnu bezpe\u010dnost pre mal\u00fdch aj ve\u013ek\u00fdch, plavcov aj neplavcov zabezpe\u010duje stupienok okolo baz\u00e9na a integrovan\u00e9 madlo<\/li>\n<li>proti\u0161mykov\u00e1 \u00faprava na chodoch a dne baz\u00e9na<\/li>\n<\/ul>\n<p>[\/vc_column_text]<div class=\"grve-empty-space grve-height-2x\"><\/div>[vc_raw_html]JTVCb3hpbGFiX2ZsaXBfYm94JTIwaWQlM0QlMjIxJTIyJTVE[\/vc_raw_html][\/vc_column][\/vc_row][vc_row][vc_column][vc_tta_accordion active_section=&#8220;9&#8243;][vc_tta_section title=&#8220;Compass High-Level Skimmer&#8220; tab_id=&#8220;1708102819405-2e2c011e-3289&#8243;][\/vc_tta_section][vc_tta_section title=&#8220;S kartu\u0161ov\u00fdm filtrom (volite\u013en\u00e9)&#8220; tab_id=&#8220;1708102819417-fead30c9-f594&#8243;][\/vc_tta_section][vc_tta_section title=&#8220;Vo\u013ene stojaci (volite\u013en\u00e9)&#8220; tab_id=&#8220;1708102885199-4c603a9e-c9e6&#8243;][\/vc_tta_section][\/vc_tta_accordion][\/vc_column][\/vc_row][vc_row][vc_column][vc_raw_html]JTNDZmlndXJlJTIwY2xhc3MlM0QlMjJ3cC1ibG9jay10YWJsZSUyMiUzRSUwQSUzQ3RhYmxlJTNFJTBBJTNDdGJvZHklM0UlMEElM0N0ciUzRSUwQSUzQ3RkJTNFTU9ERUwlM0MlMkZ0ZCUzRSUwQSUzQ3RkJTNFRCVDNCVCOSVDNSVCREtBJTNDJTJGdGQlM0UlMEElM0N0ZCUzRSVDNSVBMCVDMyU4RFJLQSUzQyUyRnRkJTNFJTBBJTNDdGQlM0VIJUM0JUI5QktBJTNDJTJGdGQlM0UlMEElM0N0ZCUzRU9CSkVNJTNDJTJGdGQlM0UlMEElM0N0ZCUzRVJPTEVUQSUzQyUyRnRkJTNFJTBBJTNDJTJGdHIlM0UlMEElM0N0ciUzRSUwQSUzQ3RkJTNFQkFCWS1QT09MJTNDJTJGdGQlM0UlMEElM0N0ZCUzRTYlMkM1Mm0lM0MlMkZ0ZCUzRSUwQSUzQ3RkJTNFMiUyQzQwbSUzQyUyRnRkJTNFJTBBJTNDdGQlM0UwJTJDODhtJTNDJTJGdGQlM0UlMEElM0N0ZCUzRTEyJTJDMDBtJTNDc3Ryb25nJTNFJUMyJUIzJTNDJTJGc3Ryb25nJTNFJTBBJTNDdGQlM0UlMkIlM0MlMkZ0ZCUzRSUwQSUzQyUyRnRkJTNFJTBBJTNDJTJGdHIlM0UlMEElM0MlMkZ0Ym9keSUzRSUwQSUzQyUyRnRhYmxlJTNFJTBBJTNDJTJGZmlndXJlJTNF[\/vc_raw_html][\/vc_column][\/vc_row][vc_row][vc_column]<div data-animation=\"fade-in\" data-delay=\"100\" data-duration=\"normal\" class=\"grve-element grve-image grve-align-center grve-animated-item\">\r\n\t<div class=\"grve-image-item\">\r\n\t\t\r\n\r\n<div class=\"grve-image-wrapper grve-no-effect\">\r\n\t\t<div class=\"grve-thumbnail-wrapper\"  style=\"width: 590px;\"><div class=\"grve-thumbnail\"  style=\"padding-top: 77.458%;\"><img loading=\"lazy\" decoding=\"async\" width=\"590\" height=\"457\" src=\"https:\/\/pool-spa.sk\/wp-content\/uploads\/2024\/02\/Baby_Pool.png\" class=\"attachment-full size-full\" alt=\"\" data-column-space=\"auto\" data-lazyload=\"\" data-grve-filter=\"yes\" srcset=\"https:\/\/pool-spa.sk\/wp-content\/uploads\/2024\/02\/Baby_Pool.png 590w, https:\/\/pool-spa.sk\/wp-content\/uploads\/2024\/02\/Baby_Pool-300x232.png 300w\" sizes=\"auto, (max-width: 590px) 100vw, 590px\" \/><\/div><\/div>\t<\/div>\r\n\t<\/div>\r\n<\/div>\r\n[\/vc_column][\/vc_row]<\/p>\n<\/div>","protected":false},"excerpt":{"rendered":"<p>BABY POOL m\u00e1 nad\u010dasov\u00fd design zameran\u00fd na maxim\u00e1lnu bezpe\u010dnos\u0165 nielen det\u00ed ale aj neplavcov. Keramick\u00fd baz\u00e9n BABY POOL je vlastne baz\u00e9n XL-Trainer 110, ktor\u00fd si v\u010faka zn\u00ed\u017eenej maxim\u00e1lnej h\u013abke na 88 cm dostal pr\u00edvlastok BABY POOL. V\u010faka tomu je priam stvoren\u00fd na z\u00e1bavu vo vode pre mal\u00fdch aj ve\u013ek\u00fdch.<\/p>\n","protected":false},"featured_media":879,"template":"","meta":[],"product_cat":[17,19],"product_tag":[],"class_list":{"0":"post-552","1":"product","2":"type-product","3":"status-publish","4":"has-post-thumbnail","6":"product_cat-keramicke-bazeny","7":"product_cat-male-keramicke-bazeny","8":"grve-entry-item","10":"first","11":"instock","12":"shipping-taxable","13":"product-type-simple"},"_links":{"self":[{"href":"https:\/\/pool-spa.sk\/index.php\/wp-json\/wp\/v2\/product\/552","targetHints":{"allow":["GET"]}}],"collection":[{"href":"https:\/\/pool-spa.sk\/index.php\/wp-json\/wp\/v2\/product"}],"about":[{"href":"https:\/\/pool-spa.sk\/index.php\/wp-json\/wp\/v2\/types\/product"}],"wp:featuredmedia":[{"embeddable":true,"href":"https:\/\/pool-spa.sk\/index.php\/wp-json\/wp\/v2\/media\/879"}],"wp:attachment":[{"href":"https:\/\/pool-spa.sk\/index.php\/wp-json\/wp\/v2\/media?parent=552"}],"wp:term":[{"taxonomy":"product_cat","embeddable":true,"href":"https:\/\/pool-spa.sk\/index.php\/wp-json\/wp\/v2\/product_cat?post=552"},{"taxonomy":"product_tag","embeddable":true,"href":"https:\/\/pool-spa.sk\/index.php\/wp-json\/wp\/v2\/product_tag?post=552"}],"curies":[{"name":"wp","href":"https:\/\/api.w.org\/{rel}","templated":true}]}}