{"id":546,"date":"2024-02-19T14:12:05","date_gmt":"2024-02-19T14:12:05","guid":{"rendered":"https:\/\/pool-spa.sk\/index.php\/product\/keramicky-bazen-classic-copy\/"},"modified":"2024-05-27T14:28:52","modified_gmt":"2024-05-27T14:28:52","slug":"keramicky-bazen-x-trainer","status":"publish","type":"product","link":"https:\/\/pool-spa.sk\/index.php\/product\/keramicky-bazen-x-trainer\/","title":{"rendered":"X-Trainer"},"content":{"rendered":"<div class=\"wpb-content-wrapper\"><p>[vc_row][vc_column][vc_column_text]<\/p>\n<ul>\n<li>modern\u00fd geometrick\u00fd tvar s dvomi dr\u00e1hami<\/li>\n<li>dve komfortn\u00e9 schodisk\u00e1 s integrovan\u00fdmi relaxa\u010dn\u00fdmi z\u00f3nami<\/li>\n<li>stupienok po celom obvode baz\u00e9na dod\u00e1v\u00e1 menej zdatn\u00fdm plavcom pocit bezpe\u010dia<\/li>\n<li>na v\u00fdber s\u00fa aj modely\u00a0<strong>s rovn\u00fdm dnom<\/strong>\u00a0i s postupne sa\u00a0<strong>zva\u017euj\u00facim dnom<\/strong><\/li>\n<\/ul>\n<p>[\/vc_column_text]<div class=\"grve-empty-space grve-height-2x\"><\/div>[vc_raw_html]JTVCb3hpbGFiX2ZsaXBfYm94JTIwaWQlM0QlMjIxJTIyJTVE[\/vc_raw_html][\/vc_column][\/vc_row][vc_row][vc_column][vc_tta_accordion active_section=&#8220;9&#8243;][vc_tta_section title=&#8220;Protipr\u00fad&#8220; tab_id=&#8220;1708102819405-2e2c011e-3289&#8243;][vc_column_text]V\u010faka\u00a0<strong>baz\u00e9nov\u00e9mu protipr\u00fadu<\/strong>\u00a0sa d\u00e1 \u0161portovo pl\u00e1va\u0165 aj v men\u0161om baz\u00e9ne.<\/p>\n<p><img loading=\"lazy\" decoding=\"async\" class=\"alignnone size-full wp-image-498\" src=\"https:\/\/pool-spa.sk\/wp-content\/uploads\/2024\/02\/x1.jpg\" alt=\"\" width=\"300\" height=\"189\" \/>[\/vc_column_text][\/vc_tta_section][vc_tta_section title=&#8220;Zastre\u0161enie baz\u00e9na&#8220; tab_id=&#8220;1708102819417-fead30c9-f594&#8243;][vc_column_text]<strong>Baz\u00e9nov\u00e9 zastre\u0161enie<\/strong>\u00a0pred\u013a\u017ei k\u00fapaciu sez\u00f3nu, udr\u017euje baz\u00e9n tepl\u00fd a chr\u00e1ni ho pred ne\u010distotami.<\/p>\n<p><img loading=\"lazy\" decoding=\"async\" class=\"alignnone size-full wp-image-499\" src=\"https:\/\/pool-spa.sk\/wp-content\/uploads\/2024\/02\/x2.jpg\" alt=\"\" width=\"300\" height=\"164\" \/>[\/vc_column_text][\/vc_tta_section][vc_tta_section title=&#8220;Lamelov\u00e9 prekrytie&#8220; tab_id=&#8220;1708102885199-4c603a9e-c9e6&#8243;][vc_column_text]Integrovan\u00e9 roletov\u00e9 prekrytie efekt\u00edvne zohrieva vodu v baz\u00e9ne a z\u00e1rove\u0148 zais\u0165uje jeho bezpe\u010dnos\u0165.<\/p>\n<p><img loading=\"lazy\" decoding=\"async\" class=\"alignnone size-full wp-image-500\" src=\"https:\/\/pool-spa.sk\/wp-content\/uploads\/2024\/02\/x3.jpg\" alt=\"\" width=\"300\" height=\"150\" \/>[\/vc_column_text][\/vc_tta_section][vc_tta_section title=&#8220;Samo\u010distiaci syst\u00e9m&#8220; tab_id=&#8220;1708102886347-03a13327-0f2e&#8220;][vc_column_text]Nem\u00e1te \u010das stara\u0165 sa o baz\u00e9n? Samo\u010distiaci baz\u00e9n sa\u00a0<strong>s\u00e1m vy\u010dist\u00ed<\/strong>, u\u0161etr\u00ed peniaze a spotrebuje menej ch\u00e9mie.<\/p>\n<p><img loading=\"lazy\" decoding=\"async\" class=\"alignnone size-full wp-image-501\" src=\"https:\/\/pool-spa.sk\/wp-content\/uploads\/2024\/02\/x4.jpg\" alt=\"\" width=\"300\" height=\"182\" \/>[\/vc_column_text][\/vc_tta_section][\/vc_tta_accordion][\/vc_column][\/vc_row][vc_row][vc_column][vc_raw_html]JTNDZmlndXJlJTIwY2xhc3MlM0QlMjJ3cC1ibG9jay10YWJsZSUyMiUzRSUwQSUzQ3RhYmxlJTNFJTBBJTNDdGJvZHklM0UlMEElM0N0ciUzRSUwQSUzQ3RkJTNFTU9ERUwlM0MlMkZ0ZCUzRSUwQSUzQ3RkJTNFRCVDNCVCOSVDNSVCREtBJTNDJTJGdGQlM0UlMEElM0N0ZCUzRSVDNSVBMCVDMyU4RFJLQSUzQyUyRnRkJTNFJTBBJTNDdGQlM0VIJUM0JUI5QktBJTNDJTJGdGQlM0UlMEElM0N0ZCUzRU9CSkVNJTNDJTJGdGQlM0UlMEElM0N0ZCUzRVJPTEVUQSUzQyUyRnRkJTNFJTBBJTNDJTJGdHIlM0UlMEElM0N0ciUzRSUwQSUzQ3RkJTNFWC1UcmFpbmVyJTIwNDUlM0MlMkZ0ZCUzRSUwQSUzQ3RkJTNFNCUyQzQ1bSUzQyUyRnRkJTNFJTBBJTNDdGQlM0UyJTJDOTRtJTNDJTJGdGQlM0UlMEElM0N0ZCUzRTElMkMyMS0xJTJDNDltJTNDJTJGdGQlM0UlMEElM0N0ZCUzRTE1bSUzQ3N0cm9uZyUzRSVDMiVCMyUzQyUyRnN0cm9uZyUzRSUwQSUzQyUyRnRkJTNFJTBBJTNDdGQlM0UlMkIlM0MlMkZ0ZCUzRSUwQSUzQyUyRnRyJTNFJTBBJTNDdHIlM0UlMEElM0N0ZCUzRVhMLVRyYWluZXIlMjA3MiUzQyUyRnRkJTNFJTBBJTNDdGQlM0U3JTJDMTltJTNDJTJGdGQlM0UlMEElM0N0ZCUzRTMlMkMzMG0lM0MlMkZ0ZCUzRSUwQSUzQ3RkJTNFMSUyQzUwbSUzQyUyRnRkJTNFJTBBJTNDdGQlM0UzMG0lM0NzdHJvbmclM0UlQzIlQjMlM0MlMkZzdHJvbmclM0UlMEElM0MlMkZ0ZCUzRSUwQSUzQ3RkJTNFJTJCJTNDJTJGdGQlM0UlMEElM0MlMkZ0ciUzRSUwQSUzQ3RyJTNFJTBBJTNDdGQlM0VYLVRyYWluZXIlMjA4MiUzQyUyRnRkJTNFJTBBJTNDdGQlM0U4JTJDMjVtJTNDJTJGdGQlM0UlMEElM0N0ZCUzRTMlMkM2OG0lM0MlMkZ0ZCUzRSUwQSUzQ3RkJTNFMSUyQzA5LTElMkM3Nm0lM0MlMkZ0ZCUzRSUwQSUzQ3RkJTNFMzZtJTNDc3Ryb25nJTNFJUMyJUIzJTNDJTJGc3Ryb25nJTNFJTBBJTNDJTJGdGQlM0UlMEElM0N0ZCUzRSUyQiUzQyUyRnRkJTNFJTBBJTNDJTJGdHIlM0UlMEElM0N0ciUzRSUwQSUzQ3RkJTNFWEwtVHJhaW5lciUyMDExMCUyMFJEJTNDJTJGdGQlM0UlMEElM0N0ZCUzRTExJTJDMDJtJTNDJTJGdGQlM0UlMEElM0N0ZCUzRTQlMkMwMm0lM0MlMkZ0ZCUzRSUwQSUzQ3RkJTNFMSUyQzUwbSUzQyUyRnRkJTNFJTBBJTNDdGQlM0U1MG0lM0NzdHJvbmclM0UlQzIlQjMlM0MlMkZzdHJvbmclM0UlMEElM0MlMkZ0ZCUzRSUwQSUzQ3RkJTNFJTJCJTNDJTJGdGQlM0UlMEElM0MlMkZ0ciUzRSUwQSUzQ3RyJTNFJTBBJTNDdGQlM0VYTC1UcmFpbmVyJTIwMTEwJTIwU0QlM0MlMkZ0ZCUzRSUwQSUzQ3RkJTNFMTElMkMwMm0lM0MlMkZ0ZCUzRSUwQSUzQ3RkJTNFNCUyQzAybSUzQyUyRnRkJTNFJTBBJTNDdGQlM0UxJTJDMTItMSUyQzgybSUzQyUyRnRkJTNFJTBBJTNDdGQlM0U1Mm0lM0NzdHJvbmclM0UlQzIlQjMlM0MlMkZzdHJvbmclM0UlMEElM0MlMkZ0ZCUzRSUwQSUzQ3RkJTNFJTJCJTNDJTJGdGQlM0UlMEElM0MlMkZ0ciUzRSUwQSUzQ3RyJTNFJTBBJTNDdGQlM0VYWEwtVHJhaW5lciUyMDEzMyUzQyUyRnRkJTNFJTBBJTNDdGQlM0UxMyUyQzI4bSUzQyUyRnRkJTNFJTBBJTNDdGQlM0U0JTJDNDltJTNDJTJGdGQlM0UlMEElM0N0ZCUzRTElMkM1MG0lM0MlMkZ0ZCUzRSUwQSUzQ3RkJTNFNzVtJTNDc3Ryb25nJTNFJUMyJUIzJTNDJTJGc3Ryb25nJTNFJTBBJTNDJTJGdGQlM0UlMEElM0N0ZCUzRSUyQiUzQyUyRnRkJTNFJTBBJTNDJTJGdHIlM0UlMEElM0MlMkZ0Ym9keSUzRSUwQSUzQyUyRnRhYmxlJTNFJTBBJTNDJTJGZmlndXJlJTNF[\/vc_raw_html][\/vc_column][\/vc_row][vc_row][vc_column width=&#8220;1\/2&#8243;]<div class=\"grve-element grve-image grve-align-center\">\r\n\t<div class=\"grve-image-item\">\r\n\t\t\r\n\r\n<div class=\"grve-image-wrapper grve-no-effect\">\r\n\t\t<div class=\"grve-thumbnail-wrapper\"  style=\"width: 545px;\"><div class=\"grve-thumbnail\"  style=\"padding-top: 97.982%;\"><img loading=\"lazy\" decoding=\"async\" width=\"545\" height=\"534\" src=\"https:\/\/pool-spa.sk\/wp-content\/uploads\/2024\/02\/X-Trainer_45_SD.png\" class=\"attachment-full size-full\" alt=\"\" data-column-space=\"auto\" data-lazyload=\"\" data-grve-filter=\"yes\" srcset=\"https:\/\/pool-spa.sk\/wp-content\/uploads\/2024\/02\/X-Trainer_45_SD.png 545w, https:\/\/pool-spa.sk\/wp-content\/uploads\/2024\/02\/X-Trainer_45_SD-300x294.png 300w\" sizes=\"auto, (max-width: 545px) 100vw, 545px\" \/><\/div><\/div>\t<\/div>\r\n\t<\/div>\r\n<\/div>\r\n[\/vc_column][vc_column width=&#8220;1\/2&#8243;]<div class=\"grve-element grve-image grve-align-center\">\r\n\t<div class=\"grve-image-item\">\r\n\t\t\r\n\r\n<div class=\"grve-image-wrapper grve-no-effect\">\r\n\t\t<div class=\"grve-thumbnail-wrapper\"  style=\"width: 1050px;\"><div class=\"grve-thumbnail\"  style=\"padding-top: 45.238%;\"><img loading=\"lazy\" decoding=\"async\" width=\"1050\" height=\"475\" src=\"https:\/\/pool-spa.sk\/wp-content\/uploads\/2024\/02\/XL_Trainer_72.png\" class=\"attachment-full size-full\" alt=\"\" data-column-space=\"auto\" data-lazyload=\"\" data-grve-filter=\"yes\" srcset=\"https:\/\/pool-spa.sk\/wp-content\/uploads\/2024\/02\/XL_Trainer_72.png 1050w, https:\/\/pool-spa.sk\/wp-content\/uploads\/2024\/02\/XL_Trainer_72-300x136.png 300w, https:\/\/pool-spa.sk\/wp-content\/uploads\/2024\/02\/XL_Trainer_72-1024x463.png 1024w, https:\/\/pool-spa.sk\/wp-content\/uploads\/2024\/02\/XL_Trainer_72-768x347.png 768w\" sizes=\"auto, (max-width: 1050px) 100vw, 1050px\" \/><\/div><\/div>\t<\/div>\r\n\t<\/div>\r\n<\/div>\r\n[\/vc_column][\/vc_row][vc_row][vc_column width=&#8220;1\/2&#8243;]<div class=\"grve-element grve-image grve-align-center\">\r\n\t<div class=\"grve-image-item\">\r\n\t\t\r\n\r\n<div class=\"grve-image-wrapper grve-no-effect\">\r\n\t\t<div class=\"grve-thumbnail-wrapper\"  style=\"width: 727px;\"><div class=\"grve-thumbnail\"  style=\"padding-top: 66.85%;\"><img loading=\"lazy\" decoding=\"async\" width=\"727\" height=\"486\" src=\"https:\/\/pool-spa.sk\/wp-content\/uploads\/2024\/02\/X_Trainer_82.png\" class=\"attachment-full size-full\" alt=\"\" data-column-space=\"auto\" data-lazyload=\"\" data-grve-filter=\"yes\" srcset=\"https:\/\/pool-spa.sk\/wp-content\/uploads\/2024\/02\/X_Trainer_82.png 727w, https:\/\/pool-spa.sk\/wp-content\/uploads\/2024\/02\/X_Trainer_82-300x201.png 300w\" sizes=\"auto, (max-width: 727px) 100vw, 727px\" \/><\/div><\/div>\t<\/div>\r\n\t<\/div>\r\n<\/div>\r\n[\/vc_column][vc_column width=&#8220;1\/2&#8243;]<div class=\"grve-element grve-image grve-align-center\">\r\n\t<div class=\"grve-image-item\">\r\n\t\t\r\n\r\n<div class=\"grve-image-wrapper grve-no-effect\">\r\n\t\t<div class=\"grve-thumbnail-wrapper\"  style=\"width: 761px;\"><div class=\"grve-thumbnail\"  style=\"padding-top: 65.966%;\"><img loading=\"lazy\" decoding=\"async\" width=\"761\" height=\"502\" src=\"https:\/\/pool-spa.sk\/wp-content\/uploads\/2024\/02\/XL_Trainer_110_RD_SD.png\" class=\"attachment-full size-full\" alt=\"\" data-column-space=\"auto\" data-lazyload=\"\" data-grve-filter=\"yes\" srcset=\"https:\/\/pool-spa.sk\/wp-content\/uploads\/2024\/02\/XL_Trainer_110_RD_SD.png 761w, https:\/\/pool-spa.sk\/wp-content\/uploads\/2024\/02\/XL_Trainer_110_RD_SD-300x198.png 300w\" sizes=\"auto, (max-width: 761px) 100vw, 761px\" \/><\/div><\/div>\t<\/div>\r\n\t<\/div>\r\n<\/div>\r\n[\/vc_column][\/vc_row][vc_row][vc_column width=&#8220;1\/2&#8243;]<div class=\"grve-element grve-image grve-align-center\">\r\n\t<div class=\"grve-image-item\">\r\n\t\t\r\n\r\n<div class=\"grve-image-wrapper grve-no-effect\">\r\n\t\t<div class=\"grve-thumbnail-wrapper\"  style=\"width: 964px;\"><div class=\"grve-thumbnail\"  style=\"padding-top: 53.631%;\"><img loading=\"lazy\" decoding=\"async\" width=\"964\" height=\"517\" src=\"https:\/\/pool-spa.sk\/wp-content\/uploads\/2024\/02\/XXL_Trainer_133.png\" class=\"attachment-full size-full\" alt=\"\" data-column-space=\"auto\" data-lazyload=\"\" data-grve-filter=\"yes\" srcset=\"https:\/\/pool-spa.sk\/wp-content\/uploads\/2024\/02\/XXL_Trainer_133.png 964w, https:\/\/pool-spa.sk\/wp-content\/uploads\/2024\/02\/XXL_Trainer_133-300x161.png 300w, https:\/\/pool-spa.sk\/wp-content\/uploads\/2024\/02\/XXL_Trainer_133-768x412.png 768w\" sizes=\"auto, (max-width: 964px) 100vw, 964px\" \/><\/div><\/div>\t<\/div>\r\n\t<\/div>\r\n<\/div>\r\n[\/vc_column][vc_column width=&#8220;1\/2&#8243;][\/vc_column][\/vc_row]<\/p>\n<\/div>","protected":false},"excerpt":{"rendered":"<p>Moderne a minimalisticky po\u0148at\u00fd design baz\u00e9na s praktick\u00fdmi a pohodln\u00fdmi odpo\u010dinkov\u00fdmi z\u00f3nami. Dvojdr\u00e1hov\u00fd X-TRAINER umo\u017e\u0148uje pl\u00e1va\u0165 dvom alebo viacer\u00fdm plavcom s\u00fa\u010dasne. V\u010faka mimoriadnej \u0161\u00edrke baz\u00e9nov rady XL a XXL-TRAINER m\u00f4\u017eete priamo vo va\u0161ej z\u00e1hrade za\u017ei\u0165 plaveck\u00e9 tr\u00e9ningov\u00e9 v\u00fdkony, zacvi\u010di\u0165 si vodn\u00fd aerobic alebo u\u017ei\u0165 si mas\u00e1\u017e.<\/p>\n","protected":false},"featured_media":875,"template":"","meta":[],"product_cat":[17],"product_tag":[],"class_list":{"0":"post-546","1":"product","2":"type-product","3":"status-publish","4":"has-post-thumbnail","6":"product_cat-keramicke-bazeny","7":"grve-entry-item","9":"first","10":"instock","11":"shipping-taxable","12":"product-type-simple"},"_links":{"self":[{"href":"https:\/\/pool-spa.sk\/index.php\/wp-json\/wp\/v2\/product\/546","targetHints":{"allow":["GET"]}}],"collection":[{"href":"https:\/\/pool-spa.sk\/index.php\/wp-json\/wp\/v2\/product"}],"about":[{"href":"https:\/\/pool-spa.sk\/index.php\/wp-json\/wp\/v2\/types\/product"}],"wp:featuredmedia":[{"embeddable":true,"href":"https:\/\/pool-spa.sk\/index.php\/wp-json\/wp\/v2\/media\/875"}],"wp:attachment":[{"href":"https:\/\/pool-spa.sk\/index.php\/wp-json\/wp\/v2\/media?parent=546"}],"wp:term":[{"taxonomy":"product_cat","embeddable":true,"href":"https:\/\/pool-spa.sk\/index.php\/wp-json\/wp\/v2\/product_cat?post=546"},{"taxonomy":"product_tag","embeddable":true,"href":"https:\/\/pool-spa.sk\/index.php\/wp-json\/wp\/v2\/product_tag?post=546"}],"curies":[{"name":"wp","href":"https:\/\/api.w.org\/{rel}","templated":true}]}}