{"id":540,"date":"2024-02-19T13:57:07","date_gmt":"2024-02-19T13:57:07","guid":{"rendered":"https:\/\/pool-spa.sk\/index.php\/product\/keramicky-plunge-bazen-copy\/"},"modified":"2024-05-10T11:50:18","modified_gmt":"2024-05-10T11:50:18","slug":"keramicky-swim-bazen","status":"publish","type":"product","link":"https:\/\/pool-spa.sk\/index.php\/product\/keramicky-swim-bazen\/","title":{"rendered":"Swim"},"content":{"rendered":"<div class=\"wpb-content-wrapper\"><p>[vc_row][vc_column][vc_column_text]<\/p>\n<ul>\n<li>Postavte si vlastn\u00fd pas\u00edvny baz\u00e9n. V kombin\u00e1cii s energeticky \u00fasporn\u00fdm \u010derpadlom a fotovoltaick\u00fdm syst\u00e9mom sa CompassSwim d\u00e1 vyu\u017e\u00edva\u0165 ako energeticky nen\u00e1ro\u010dn\u00fd pas\u00edvny baz\u00e9n. Kartu\u0161ov\u00fd alebo pieskov\u00fd filter? Vy rozhodnite! Pas\u00edvny baz\u00e9n Compass Swim dok\u00e1\u017ee oboje!<\/li>\n<\/ul>\n<p>[\/vc_column_text]<div class=\"grve-empty-space grve-height-2x\"><\/div>[vc_raw_html]JTVCb3hpbGFiX2ZsaXBfYm94JTIwaWQlM0QlMjIxJTIyJTVE[\/vc_raw_html][\/vc_column][\/vc_row][vc_row][vc_column][vc_tta_accordion active_section=&#8220;9&#8243;][vc_tta_section title=&#8220;Compass High-Level Skimmer&#8220; tab_id=&#8220;1708102819405-2e2c011e-3289&#8243;][\/vc_tta_section][vc_tta_section title=&#8220;S kartu\u0161ov\u00fdm filtrom (volite\u013en\u00e9)&#8220; tab_id=&#8220;1708102819417-fead30c9-f594&#8243;][\/vc_tta_section][vc_tta_section title=&#8220;Vo\u013ene stojaci (volite\u013en\u00e9)&#8220; tab_id=&#8220;1708102885199-4c603a9e-c9e6&#8243;][\/vc_tta_section][vc_tta_section title=&#8220;Perli\u010dkov\u00e1 mas\u00e1\u017e (volite\u013en\u00e9)&#8220; tab_id=&#8220;1708102886347-03a13327-0f2e&#8220;][\/vc_tta_section][vc_tta_section title=&#8220;Mas\u00e1\u017ene trysky (volite\u013en\u00e9)&#8220; tab_id=&#8220;1708350265065-e8db14b1-c207&#8243;][\/vc_tta_section][\/vc_tta_accordion][\/vc_column][\/vc_row][vc_row][vc_column][vc_raw_html]JTNDZmlndXJlJTIwY2xhc3MlM0QlMjJ3cC1ibG9jay10YWJsZSUyMiUzRSUwQSUzQ3RhYmxlJTNFJTBBJTNDdGJvZHklM0UlMEElM0N0ciUzRSUwQSUzQ3RkJTNFTU9ERUwlM0MlMkZ0ZCUzRSUwQSUzQ3RkJTNFRCVDNCVCOSVDNSVCREtBJTNDJTJGdGQlM0UlMEElM0N0ZCUzRSVDNSVBMCVDMyU4RFJLQSUzQyUyRnRkJTNFJTBBJTNDdGQlM0VIJUM0JUI5QktBJTNDJTJGdGQlM0UlMEElM0N0ZCUzRU9CSkVNJTNDJTJGdGQlM0UlMEElM0MlMkZ0ciUzRSUwQSUzQ3RyJTNFJTBBJTNDdGQlM0VDb21wYXNzU3dpbSUyMDUwJTNDJTJGdGQlM0UlMEElM0N0ZCUzRTUlMkMwMG0lM0MlMkZ0ZCUzRSUwQSUzQ3RkJTNFMiUyQzQ1bSUzQyUyRnRkJTNFJTBBJTNDdGQlM0UxJTJDMzVtJTNDJTJGdGQlM0UlMEElM0N0ZCUzRTEwJTJDMDBtJTNDc3Ryb25nJTNFJUMyJUIzJTNDJTJGc3Ryb25nJTNFJTNDJTJGdGQlM0UlMEElM0MlMkZ0ciUzRSUwQSUzQ3RyJTNFJTBBJTNDdGQlM0VDb21wYXNzU3dpbSUyMDYwJTNDJTJGdGQlM0UlMEElM0N0ZCUzRTYlMkMwMG0lM0MlMkZ0ZCUzRSUwQSUzQ3RkJTNFMiUyQzQ1bSUzQyUyRnRkJTNFJTBBJTNDdGQlM0UxJTJDMzVtJTNDJTJGdGQlM0UlMEElM0N0ZCUzRTEybSUzQ3N0cm9uZyUzRSVDMiVCMyUzQyUyRnN0cm9uZyUzRSUzQyUyRnRkJTNFJTBBJTNDJTJGdHIlM0UlMEElM0MlMkZ0Ym9keSUzRSUwQSUzQyUyRnRhYmxlJTNFJTBBJTNDJTJGZmlndXJlJTNF[\/vc_raw_html][\/vc_column][\/vc_row]<\/p>\n<\/div>","protected":false},"excerpt":{"rendered":"<p>\u010ci u\u017e zapusten\u00fd do zeme, alebo in\u0161talovan\u00fd nad zemou ako samonosn\u00fd baz\u00e9n na terase. CompassSwim je vhodn\u00fd pre oba typy in\u0161tal\u00e1cie. V\u010faka\u00a0kompaktn\u00fdm rozmerom je pre CompassSwim miesto skoro v\u0161ade. CompassSwim je vybaven\u00fd mas\u00e1\u017enymi tryskami a turb\u00ednov\u00fdm protipr\u00fadom, tak\u017ee ho mo\u017eno pou\u017e\u00edva\u0165 ako v\u00edrivku a baz\u00e9n v jednom.<\/p>\n","protected":false},"featured_media":541,"template":"","meta":[],"product_cat":[17],"product_tag":[],"class_list":{"0":"post-540","1":"product","2":"type-product","3":"status-publish","4":"has-post-thumbnail","6":"product_cat-keramicke-bazeny","7":"grve-entry-item","9":"first","10":"instock","11":"shipping-taxable","12":"product-type-simple"},"_links":{"self":[{"href":"https:\/\/pool-spa.sk\/index.php\/wp-json\/wp\/v2\/product\/540","targetHints":{"allow":["GET"]}}],"collection":[{"href":"https:\/\/pool-spa.sk\/index.php\/wp-json\/wp\/v2\/product"}],"about":[{"href":"https:\/\/pool-spa.sk\/index.php\/wp-json\/wp\/v2\/types\/product"}],"wp:featuredmedia":[{"embeddable":true,"href":"https:\/\/pool-spa.sk\/index.php\/wp-json\/wp\/v2\/media\/541"}],"wp:attachment":[{"href":"https:\/\/pool-spa.sk\/index.php\/wp-json\/wp\/v2\/media?parent=540"}],"wp:term":[{"taxonomy":"product_cat","embeddable":true,"href":"https:\/\/pool-spa.sk\/index.php\/wp-json\/wp\/v2\/product_cat?post=540"},{"taxonomy":"product_tag","embeddable":true,"href":"https:\/\/pool-spa.sk\/index.php\/wp-json\/wp\/v2\/product_tag?post=540"}],"curies":[{"name":"wp","href":"https:\/\/api.w.org\/{rel}","templated":true}]}}