{"id":519,"date":"2023-01-01T11:06:11","date_gmt":"2023-01-01T11:06:11","guid":{"rendered":"https:\/\/pool-spa.sk\/index.php\/product\/briliant-copy\/"},"modified":"2024-05-27T14:31:37","modified_gmt":"2024-05-27T14:31:37","slug":"keramicky-bazen-fun","status":"publish","type":"product","link":"https:\/\/pool-spa.sk\/index.php\/product\/keramicky-bazen-fun\/","title":{"rendered":"Fun"},"content":{"rendered":"<div class=\"wpb-content-wrapper\"><p>[vc_row][vc_column][vc_column_text]<\/p>\n<ul>\n<li>bezpe\u010dnostn\u00fd stupienok a madlo po obvode baz\u00e9na<\/li>\n<li>dve pohodln\u00e9 schodisk\u00e1 a dno maj\u00fa\u00a0<strong>proti\u0161mykov\u00fa \u00fapravu<\/strong><\/li>\n<li>pre v\u0161etky modely\u00a0<strong>zapusten\u00e9ho baz\u00e9na FUN\u00a0<\/strong>je mo\u017en\u00e9 objedna\u0165<strong>\u00a0lamelov\u00e9 prekrytie<\/strong><b><\/b><\/li>\n<li>madlo po obvode baz\u00e9na pre bezpe\u010dn\u00fa funkciu lamelov\u00e9ho prekrytia<\/li>\n<\/ul>\n<p>[\/vc_column_text]<div class=\"grve-empty-space grve-height-2x\"><\/div>[vc_raw_html]JTVCb3hpbGFiX2ZsaXBfYm94JTIwaWQlM0QlMjIxJTIyJTVE[\/vc_raw_html][\/vc_column][\/vc_row][vc_row][vc_column][vc_tta_accordion active_section=&#8220;9&#8243;][vc_tta_section title=&#8220;Protipr\u00fad&#8220; tab_id=&#8220;1708102819405-2e2c011e-3289&#8243;][vc_column_text]V\u010faka\u00a0<strong>baz\u00e9nov\u00e9mu protipr\u00fadu<\/strong>\u00a0sa d\u00e1 \u0161portovo pl\u00e1va\u0165 aj v men\u0161om baz\u00e9ne.<\/p>\n<p><img loading=\"lazy\" decoding=\"async\" class=\"alignnone size-full wp-image-498\" src=\"https:\/\/pool-spa.sk\/wp-content\/uploads\/2024\/02\/x1.jpg\" alt=\"\" width=\"300\" height=\"189\" \/>[\/vc_column_text][\/vc_tta_section][vc_tta_section title=&#8220;Zastre\u0161enie baz\u00e9na&#8220; tab_id=&#8220;1708102819417-fead30c9-f594&#8243;][vc_column_text]<strong>Baz\u00e9nov\u00e9 zastre\u0161enie<\/strong>\u00a0pred\u013a\u017ei k\u00fapaciu sez\u00f3nu, udr\u017euje baz\u00e9n tepl\u00fd a chr\u00e1ni ho pred ne\u010distotami.<\/p>\n<p><img loading=\"lazy\" decoding=\"async\" class=\"alignnone size-full wp-image-499\" src=\"https:\/\/pool-spa.sk\/wp-content\/uploads\/2024\/02\/x2.jpg\" alt=\"\" width=\"300\" height=\"164\" \/>[\/vc_column_text][\/vc_tta_section][vc_tta_section title=&#8220;Lamelov\u00e9 prekrytie&#8220; tab_id=&#8220;1708102885199-4c603a9e-c9e6&#8243;][vc_column_text]Integrovan\u00e9 roletov\u00e9 prekrytie efekt\u00edvne zohrieva vodu v baz\u00e9ne a z\u00e1rove\u0148 zais\u0165uje jeho bezpe\u010dnos\u0165.<\/p>\n<p><img loading=\"lazy\" decoding=\"async\" class=\"alignnone size-full wp-image-500\" src=\"https:\/\/pool-spa.sk\/wp-content\/uploads\/2024\/02\/x3.jpg\" alt=\"\" width=\"300\" height=\"150\" \/>[\/vc_column_text][\/vc_tta_section][vc_tta_section title=&#8220;Samo\u010distiaci syst\u00e9m&#8220; tab_id=&#8220;1708102886347-03a13327-0f2e&#8220;][vc_column_text]Nem\u00e1te \u010das stara\u0165 sa o baz\u00e9n? Samo\u010distiaci baz\u00e9n sa\u00a0<strong>s\u00e1m vy\u010dist\u00ed<\/strong>, u\u0161etr\u00ed peniaze a spotrebuje menej ch\u00e9mie.<\/p>\n<p><img loading=\"lazy\" decoding=\"async\" class=\"alignnone size-full wp-image-501\" src=\"https:\/\/pool-spa.sk\/wp-content\/uploads\/2024\/02\/x4.jpg\" alt=\"\" width=\"300\" height=\"182\" \/>[\/vc_column_text][\/vc_tta_section][\/vc_tta_accordion][\/vc_column][\/vc_row][vc_row][vc_column][vc_raw_html]JTNDZmlndXJlJTIwY2xhc3MlM0QlMjJ3cC1ibG9jay10YWJsZSUyMiUzRSUwQSUzQ3RhYmxlJTNFJTBBJTNDdGJvZHklM0UlMEElM0N0ciUzRSUwQSUzQ3RkJTNFTU9ERUwlM0MlMkZ0ZCUzRSUwQSUzQ3RkJTNFRCVDNCVCOSVDNSVCREtBJTNDJTJGdGQlM0UlMEElM0N0ZCUzRSVDNSVBMCVDMyU4RFJLQSUzQyUyRnRkJTNFJTBBJTNDdGQlM0VIJUM0JUI5QktBJTNDJTJGdGQlM0UlMEElM0N0ZCUzRU9CSkVNJTNDJTJGdGQlM0UlMEElM0N0ZCUzRVJPTEVUQSUzQyUyRnRkJTNFJTBBJTNDJTJGdHIlM0UlMEElM0N0ciUzRSUwQSUzQ3RkJTNFRlVOJTIwNzQlM0MlMkZ0ZCUzRSUwQSUzQ3RkJTNFNyUyQzUzbSUzQyUyRnRkJTNFJTBBJTNDdGQlM0UzJTJDNzdtJTNDJTJGdGQlM0UlMEElM0N0ZCUzRTElMkM1MG0lM0MlMkZ0ZCUzRSUwQSUzQ3RkJTNFMzVtJTNDc3Ryb25nJTNFJUMyJUIzJTNDJTJGc3Ryb25nJTNFJTBBJTNDJTJGdGQlM0UlMEElM0N0ZCUzRSUyQiUzQyUyRnRkJTNFJTBBJTNDJTJGdHIlM0UlMEElM0N0ciUzRSUwQSUzQ3RkJTNFRlVOJTIwNzRTJTNDJTJGdGQlM0UlMEElM0N0ZCUzRTclMkM1MG0lM0MlMkZ0ZCUzRSUwQSUzQ3RkJTNFMyUyQzcxbSUzQyUyRnRkJTNFJTBBJTNDdGQlM0UxJTJDNTBtJTNDJTJGdGQlM0UlMEElM0N0ZCUzRTM1bSUzQ3N0cm9uZyUzRSVDMiVCMyUzQyUyRnN0cm9uZyUzRSUwQSUzQyUyRnRkJTNFJTBBJTNDdGQlM0UlMkIlM0MlMkZ0ZCUzRSUwQSUzQyUyRnRyJTNFJTBBJTNDdHIlM0UlMEElM0N0ZCUzRUZVTiUyMDgwJTNDJTJGdGQlM0UlMEElM0N0ZCUzRTglMkMwMG0lM0MlMkZ0ZCUzRSUwQSUzQ3RkJTNFMyUyQzcwbSUzQyUyRnRkJTNFJTBBJTNDdGQlM0UxJTJDNTBtJTNDJTJGdGQlM0UlMEElM0N0ZCUzRTQwbSUzQ3N0cm9uZyUzRSVDMiVCMyUzQyUyRnN0cm9uZyUzRSUwQSUzQyUyRnRkJTNFJTBBJTNDdGQlM0UlMkIlM0MlMkZ0ZCUzRSUwQSUzQyUyRnRyJTNFJTBBJTNDdHIlM0UlMEElM0N0ZCUzRUZVTiUyMDgwUyUzQyUyRnRkJTNFJTBBJTNDdGQlM0U4JTJDMDBtJTNDJTJGdGQlM0UlMEElM0N0ZCUzRTMlMkM3MG0lM0MlMkZ0ZCUzRSUwQSUzQ3RkJTNFMSUyQzUwbSUzQyUyRnRkJTNFJTBBJTNDdGQlM0U0MG0lM0NzdHJvbmclM0UlQzIlQjMlM0MlMkZzdHJvbmclM0UlMEElM0MlMkZ0ZCUzRSUwQSUzQ3RkJTNFJTJCJTNDJTJGdGQlM0UlMEElM0MlMkZ0ciUzRSUwQSUzQ3RyJTNFJTBBJTNDdGQlM0VGVU4lMjA4MEQlM0MlMkZ0ZCUzRSUwQSUzQ3RkJTNFOCUyQzAwbSUzQyUyRnRkJTNFJTBBJTNDdGQlM0UzJTJDNzBtJTNDJTJGdGQlM0UlMEElM0N0ZCUzRTElMkM1MG0lM0MlMkZ0ZCUzRSUwQSUzQ3RkJTNFNDBtJTNDc3Ryb25nJTNFJUMyJUIzJTNDJTJGc3Ryb25nJTNFJTBBJTNDJTJGdGQlM0UlMEElM0N0ZCUzRSUyQiUzQyUyRnRkJTNFJTBBJTNDJTJGdHIlM0UlMEElM0N0ciUzRSUwQSUzQ3RkJTNFRlVOJTIwMTAwJTNDJTJGdGQlM0UlMEElM0N0ZCUzRTEwJTJDMDBtJTNDJTJGdGQlM0UlMEElM0N0ZCUzRTQlMkMwMG0lM0MlMkZ0ZCUzRSUwQSUzQ3RkJTNFMSUyQzUwbSUzQyUyRnRkJTNFJTBBJTNDdGQlM0U1Mm0lM0NzdHJvbmclM0UlQzIlQjMlM0MlMkZzdHJvbmclM0UlMEElM0MlMkZ0ZCUzRSUwQSUzQ3RkJTNFJTJCJTNDJTJGdGQlM0UlMEElM0MlMkZ0ciUzRSUwQSUzQyUyRnRib2R5JTNFJTBBJTNDJTJGdGFibGUlM0UlMEElM0MlMkZmaWd1cmUlM0UlMEElM0NwJTNFJTJBUyUyMC0lMjBiZXolMjBiZXpwZSVDNCU4RG5vc3RuZWolMjBzdCVDMyVCQXBhJUM0JThEa3klM0NiciUzRSUwQSUyQUQlMjAtJTIwaGxiJUM1JUExaWUlMjBvc2FkZW55JUNDJTgxJTIwcGFuZWwlMjBCZWFjaExpbmUlMjBhJTIwc2tpbW1lciUyMHByZSUyMHZ5c29rJUMzJUJBJTIwaGxhZGludSUyMHZvZHklMjBwcmUlMjBlJUM1JUExdGUlMjBsZXAlQzUlQTElQzMlQUQlMjB6JUMzJUExJUM1JUJFaXRvayUyMHolMjBiYXolQzMlQTluYSUyMCUzQyUyRnAlM0U=[\/vc_raw_html][\/vc_column][\/vc_row][vc_row][vc_column width=&#8220;1\/2&#8243;]<div data-animation=\"fade-in\" data-delay=\"100\" data-duration=\"normal\" class=\"grve-element grve-image grve-align-center grve-animated-item\">\r\n\t<div class=\"grve-image-item\">\r\n\t\t\r\n\r\n<div class=\"grve-image-wrapper grve-no-effect\">\r\n\t\t<div class=\"grve-thumbnail-wrapper\"  style=\"width: 757px;\"><div class=\"grve-thumbnail\"  style=\"padding-top: 71.07%;\"><img loading=\"lazy\" decoding=\"async\" width=\"757\" height=\"538\" src=\"https:\/\/pool-spa.sk\/wp-content\/uploads\/2023\/01\/Fun_74_Fun_74_S.png\" class=\"attachment-full size-full\" alt=\"\" data-column-space=\"auto\" data-lazyload=\"\" data-grve-filter=\"yes\" srcset=\"https:\/\/pool-spa.sk\/wp-content\/uploads\/2023\/01\/Fun_74_Fun_74_S.png 757w, https:\/\/pool-spa.sk\/wp-content\/uploads\/2023\/01\/Fun_74_Fun_74_S-300x213.png 300w\" sizes=\"auto, (max-width: 757px) 100vw, 757px\" \/><\/div><\/div>\t<\/div>\r\n\t<\/div>\r\n<\/div>\r\n[\/vc_column][vc_column width=&#8220;1\/2&#8243;]<div data-animation=\"fade-in\" data-delay=\"100\" data-duration=\"normal\" class=\"grve-element grve-image grve-align-center grve-animated-item\">\r\n\t<div class=\"grve-image-item\">\r\n\t\t\r\n\r\n<div class=\"grve-image-wrapper grve-no-effect\">\r\n\t\t<div class=\"grve-thumbnail-wrapper\"  style=\"width: 716px;\"><div class=\"grve-thumbnail\"  style=\"padding-top: 92.877%;\"><img loading=\"lazy\" decoding=\"async\" width=\"716\" height=\"665\" src=\"https:\/\/pool-spa.sk\/wp-content\/uploads\/2023\/01\/Fun_80_Fun_80_S_Fun_80_D.png\" class=\"attachment-full size-full\" alt=\"\" data-column-space=\"auto\" data-lazyload=\"\" data-grve-filter=\"yes\" srcset=\"https:\/\/pool-spa.sk\/wp-content\/uploads\/2023\/01\/Fun_80_Fun_80_S_Fun_80_D.png 716w, https:\/\/pool-spa.sk\/wp-content\/uploads\/2023\/01\/Fun_80_Fun_80_S_Fun_80_D-300x279.png 300w\" sizes=\"auto, (max-width: 716px) 100vw, 716px\" \/><\/div><\/div>\t<\/div>\r\n\t<\/div>\r\n<\/div>\r\n[\/vc_column][\/vc_row][vc_row][vc_column width=&#8220;1\/2&#8243;]<div data-animation=\"fade-in\" data-delay=\"100\" data-duration=\"normal\" class=\"grve-element grve-image grve-align-center grve-animated-item\">\r\n\t<div class=\"grve-image-item\">\r\n\t\t\r\n\r\n<div class=\"grve-image-wrapper grve-no-effect\">\r\n\t\t<div class=\"grve-thumbnail-wrapper\"  style=\"width: 802px;\"><div class=\"grve-thumbnail\"  style=\"padding-top: 62.344%;\"><img loading=\"lazy\" decoding=\"async\" width=\"802\" height=\"500\" src=\"https:\/\/pool-spa.sk\/wp-content\/uploads\/2023\/01\/Fun_100.png\" class=\"attachment-full size-full\" alt=\"\" data-column-space=\"auto\" data-lazyload=\"\" data-grve-filter=\"yes\" srcset=\"https:\/\/pool-spa.sk\/wp-content\/uploads\/2023\/01\/Fun_100.png 802w, https:\/\/pool-spa.sk\/wp-content\/uploads\/2023\/01\/Fun_100-300x187.png 300w, https:\/\/pool-spa.sk\/wp-content\/uploads\/2023\/01\/Fun_100-768x479.png 768w\" sizes=\"auto, (max-width: 802px) 100vw, 802px\" \/><\/div><\/div>\t<\/div>\r\n\t<\/div>\r\n<\/div>\r\n[\/vc_column][vc_column width=&#8220;1\/2&#8243;][\/vc_column][\/vc_row]<\/p>\n<\/div>","protected":false},"excerpt":{"rendered":"<p>FUN je univerz\u00e1lny keramick\u00fd baz\u00e9n vhodn\u00fd ku ka\u017ed\u00e9mu domu s dvoma pohodln\u00fdmi schodiskami, dostupn\u00fd v troch r\u00f4znych d\u013a\u017ekach od 7,5 do 10 metrov.<\/p>\n","protected":false},"featured_media":856,"template":"","meta":[],"product_cat":[17],"product_tag":[],"class_list":{"0":"post-519","1":"product","2":"type-product","3":"status-publish","4":"has-post-thumbnail","6":"product_cat-keramicke-bazeny","7":"grve-entry-item","9":"first","10":"instock","11":"shipping-taxable","12":"product-type-simple"},"_links":{"self":[{"href":"https:\/\/pool-spa.sk\/index.php\/wp-json\/wp\/v2\/product\/519","targetHints":{"allow":["GET"]}}],"collection":[{"href":"https:\/\/pool-spa.sk\/index.php\/wp-json\/wp\/v2\/product"}],"about":[{"href":"https:\/\/pool-spa.sk\/index.php\/wp-json\/wp\/v2\/types\/product"}],"wp:featuredmedia":[{"embeddable":true,"href":"https:\/\/pool-spa.sk\/index.php\/wp-json\/wp\/v2\/media\/856"}],"wp:attachment":[{"href":"https:\/\/pool-spa.sk\/index.php\/wp-json\/wp\/v2\/media?parent=519"}],"wp:term":[{"taxonomy":"product_cat","embeddable":true,"href":"https:\/\/pool-spa.sk\/index.php\/wp-json\/wp\/v2\/product_cat?post=519"},{"taxonomy":"product_tag","embeddable":true,"href":"https:\/\/pool-spa.sk\/index.php\/wp-json\/wp\/v2\/product_tag?post=519"}],"curies":[{"name":"wp","href":"https:\/\/api.w.org\/{rel}","templated":true}]}}