{"id":377,"date":"2024-02-13T11:02:04","date_gmt":"2024-02-13T11:02:04","guid":{"rendered":"https:\/\/pool-spa.sk\/?post_type=product&#038;p=377"},"modified":"2024-05-27T14:30:12","modified_gmt":"2024-05-27T14:30:12","slug":"briliant","status":"publish","type":"product","link":"https:\/\/pool-spa.sk\/index.php\/product\/briliant\/","title":{"rendered":"Briliant"},"content":{"rendered":"<div class=\"wpb-content-wrapper\"><p>[vc_row][vc_column][vc_column_text]<\/p>\n<ul>\n<li>Elegantn\u00fd keramick\u00fd baz\u00e9n\u00a0<strong>Briliant<\/strong>\u00a0je ekonomick\u00fdm variantom baz\u00e9nov Compass. Minimalistick\u00fd dizajn a absol\u00fatna \u00fa\u010delnos\u0165 rob\u00ed z t\u00fdchto baz\u00e9nov typ vhodn\u00fd pre ka\u017ed\u00fa z\u00e1hradu.<\/li>\n<li>Stupienok po celom obvode zais\u0165uje bezpe\u010dn\u00fd vstup a v\u00fdstup z baz\u00e9na<\/li>\n<li>Priestor na sedenie a relax\u00e1ciu je tie\u017e vhodn\u00fd pre in\u0161tal\u00e1ciu mas\u00e1\u017enych trysiek<\/li>\n<li>Schody a dno baz\u00e9na maj\u00fa\u00a0<strong>proti\u0161mykov\u00fa \u00fapravu<\/strong><\/li>\n<\/ul>\n<p>Najv\u00e4\u010d\u0161\u00ed model\u00a0<strong>XL-BRILIANT 88<\/strong>\u00a0obsahuje naviac priestor pre in\u0161tal\u00e1ciu integrovan\u00e9ho\u00a0lamelov\u00e9ho prekrytia.[\/vc_column_text]<div class=\"grve-empty-space grve-height-2x\"><\/div>[vc_raw_html]JTVCb3hpbGFiX2ZsaXBfYm94JTIwaWQlM0QlMjIxJTIyJTVE[\/vc_raw_html][\/vc_column][\/vc_row][vc_row][vc_column][vc_tta_accordion active_section=&#8220;9&#8243;][vc_tta_section title=&#8220;Protipr\u00fad&#8220; tab_id=&#8220;1708102819405-2e2c011e-3289&#8243;][vc_column_text]V\u010faka\u00a0<strong>baz\u00e9nov\u00e9mu protipr\u00fadu<\/strong>\u00a0sa d\u00e1 \u0161portovo pl\u00e1va\u0165 aj v men\u0161om baz\u00e9ne.<\/p>\n<p><img loading=\"lazy\" decoding=\"async\" class=\"alignnone size-full wp-image-498\" src=\"https:\/\/pool-spa.sk\/wp-content\/uploads\/2024\/02\/x1.jpg\" alt=\"\" width=\"300\" height=\"189\" \/>[\/vc_column_text][\/vc_tta_section][vc_tta_section title=&#8220;Zastre\u0161enie baz\u00e9na&#8220; tab_id=&#8220;1708102819417-fead30c9-f594&#8243;][vc_column_text]<strong>Baz\u00e9nov\u00e9 zastre\u0161enie<\/strong>\u00a0pred\u013a\u017ei k\u00fapaciu sez\u00f3nu, udr\u017euje baz\u00e9n tepl\u00fd a chr\u00e1ni ho pred ne\u010distotami.<\/p>\n<p><img loading=\"lazy\" decoding=\"async\" class=\"alignnone size-full wp-image-499\" src=\"https:\/\/pool-spa.sk\/wp-content\/uploads\/2024\/02\/x2.jpg\" alt=\"\" width=\"300\" height=\"164\" \/>[\/vc_column_text][\/vc_tta_section][vc_tta_section title=&#8220;Lamelov\u00e9 prekrytie&#8220; tab_id=&#8220;1708102885199-4c603a9e-c9e6&#8243;][vc_column_text]Integrovan\u00e9 roletov\u00e9 prekrytie efekt\u00edvne zohrieva vodu v baz\u00e9ne a z\u00e1rove\u0148 zais\u0165uje jeho bezpe\u010dnos\u0165.<\/p>\n<p><img loading=\"lazy\" decoding=\"async\" class=\"alignnone size-full wp-image-500\" src=\"https:\/\/pool-spa.sk\/wp-content\/uploads\/2024\/02\/x3.jpg\" alt=\"\" width=\"300\" height=\"150\" \/>[\/vc_column_text][\/vc_tta_section][vc_tta_section title=&#8220;Samo\u010distiaci syst\u00e9m&#8220; tab_id=&#8220;1708102886347-03a13327-0f2e&#8220;][vc_column_text]Nem\u00e1te \u010das stara\u0165 sa o baz\u00e9n? Samo\u010distiaci baz\u00e9n sa\u00a0<strong>s\u00e1m vy\u010dist\u00ed<\/strong>, u\u0161etr\u00ed peniaze a spotrebuje menej ch\u00e9mie.<\/p>\n<p><img loading=\"lazy\" decoding=\"async\" class=\"alignnone size-full wp-image-501\" src=\"https:\/\/pool-spa.sk\/wp-content\/uploads\/2024\/02\/x4.jpg\" alt=\"\" width=\"300\" height=\"182\" \/>[\/vc_column_text][\/vc_tta_section][\/vc_tta_accordion][\/vc_column][\/vc_row][vc_row][vc_column][vc_raw_html]JTNDZmlndXJlJTIwY2xhc3MlM0QlMjJ3cC1ibG9jay10YWJsZSUyMiUzRSUzQ3RhYmxlJTNFJTNDdGJvZHklM0UlM0N0ciUzRSUzQ3RkJTNFTU9ERUwlM0MlMkZ0ZCUzRSUzQ3RkJTNFRCVDNCVCOSVDNSVCREtBJTNDJTJGdGQlM0UlM0N0ZCUzRSVDNSVBMCVDMyU4RFJLQSUzQyUyRnRkJTNFJTNDdGQlM0VIJUM0JUI5QktBJTNDJTJGdGQlM0UlM0N0ZCUzRU9CSkVNJTNDJTJGdGQlM0UlM0N0ZCUzRVJPTEVUQSUzQyUyRnRkJTNFJTNDJTJGdHIlM0UlM0N0ciUzRSUzQ3RkJTNFQlJJTExJQU5UJTIwNjYlM0MlMkZ0ZCUzRSUzQ3RkJTNFNiUyQzYybSUzQyUyRnRkJTNFJTNDdGQlM0UzJTJDNjJtJTNDJTJGdGQlM0UlM0N0ZCUzRTElMkM0MG0lM0MlMkZ0ZCUzRSUzQ3RkJTNFMjdtJTNDc3Ryb25nJTNFJUMyJUIzJTNDJTJGc3Ryb25nJTNFJTNDJTJGdGQlM0UlM0N0ZCUzRS0lM0MlMkZ0ZCUzRSUzQyUyRnRyJTNFJTNDdHIlM0UlM0N0ZCUzRUJSSUxMSUFOVCUyMDc0JTNDJTJGdGQlM0UlM0N0ZCUzRTclMkM2M20lM0MlMkZ0ZCUzRSUzQ3RkJTNFMyUyQzY0bSUzQyUyRnRkJTNFJTNDdGQlM0UxJTJDNDBtJTNDJTJGdGQlM0UlM0N0ZCUzRTMybSUzQ3N0cm9uZyUzRSVDMiVCMyUzQyUyRnN0cm9uZyUzRSUzQyUyRnRkJTNFJTNDdGQlM0UtJTNDJTJGdGQlM0UlM0MlMkZ0ciUzRSUzQ3RyJTNFJTNDdGQlM0VCUklMTElBTlQlMjA4OCUzQyUyRnRkJTNFJTNDdGQlM0U4JTJDNzBtJTNDJTJGdGQlM0UlM0N0ZCUzRTMlMkM3NW0lM0MlMkZ0ZCUzRSUzQ3RkJTNFMSUyQzUwbSUzQyUyRnRkJTNFJTNDdGQlM0U0NW0lM0NzdHJvbmclM0UlQzIlQjMlM0MlMkZzdHJvbmclM0UlM0MlMkZ0ZCUzRSUzQ3RkJTNFJTJCJTNDJTJGdGQlM0UlM0MlMkZ0ciUzRSUzQyUyRnRib2R5JTNFJTNDJTJGdGFibGUlM0UlM0MlMkZmaWd1cmUlM0U=[\/vc_raw_html][\/vc_column][\/vc_row][vc_row][vc_column width=&#8220;1\/2&#8243;]<div data-animation=\"fade-in\" data-delay=\"100\" data-duration=\"normal\" class=\"grve-element grve-image grve-align-center grve-animated-item\">\r\n\t<div class=\"grve-image-item\">\r\n\t\t\r\n\r\n<div class=\"grve-image-wrapper grve-no-effect\">\r\n\t\t<div class=\"grve-thumbnail-wrapper\"  style=\"width: 590px;\"><div class=\"grve-thumbnail\"  style=\"padding-top: 100.169%;\"><img loading=\"lazy\" decoding=\"async\" width=\"590\" height=\"591\" src=\"https:\/\/pool-spa.sk\/wp-content\/uploads\/2024\/02\/Briliant_66_74-1.png\" class=\"attachment-full size-full\" alt=\"\" data-column-space=\"auto\" data-lazyload=\"\" data-grve-filter=\"yes\" srcset=\"https:\/\/pool-spa.sk\/wp-content\/uploads\/2024\/02\/Briliant_66_74-1.png 590w, https:\/\/pool-spa.sk\/wp-content\/uploads\/2024\/02\/Briliant_66_74-1-300x300.png 300w, https:\/\/pool-spa.sk\/wp-content\/uploads\/2024\/02\/Briliant_66_74-1-150x150.png 150w, https:\/\/pool-spa.sk\/wp-content\/uploads\/2024\/02\/Briliant_66_74-1-560x560.png 560w, https:\/\/pool-spa.sk\/wp-content\/uploads\/2024\/02\/Briliant_66_74-1-100x100.png 100w\" sizes=\"auto, (max-width: 590px) 100vw, 590px\" \/><\/div><\/div>\t<\/div>\r\n\t<\/div>\r\n<\/div>\r\n[\/vc_column][vc_column width=&#8220;1\/2&#8243;]<div class=\"grve-element grve-image grve-align-center\">\r\n\t<div class=\"grve-image-item\">\r\n\t\t\r\n\r\n<div class=\"grve-image-wrapper grve-no-effect\">\r\n\t\t<div class=\"grve-thumbnail-wrapper\"  style=\"width: 783px;\"><div class=\"grve-thumbnail\"  style=\"padding-top: 68.71%;\"><img loading=\"lazy\" decoding=\"async\" width=\"783\" height=\"538\" src=\"https:\/\/pool-spa.sk\/wp-content\/uploads\/2024\/02\/XL_Briliant_88.png\" class=\"attachment-full size-full\" alt=\"\" data-column-space=\"auto\" data-lazyload=\"\" data-grve-filter=\"yes\" srcset=\"https:\/\/pool-spa.sk\/wp-content\/uploads\/2024\/02\/XL_Briliant_88.png 783w, https:\/\/pool-spa.sk\/wp-content\/uploads\/2024\/02\/XL_Briliant_88-300x206.png 300w, https:\/\/pool-spa.sk\/wp-content\/uploads\/2024\/02\/XL_Briliant_88-768x528.png 768w\" sizes=\"auto, (max-width: 783px) 100vw, 783px\" \/><\/div><\/div>\t<\/div>\r\n\t<\/div>\r\n<\/div>\r\n[\/vc_column][\/vc_row]<\/p>\n<\/div>","protected":false},"excerpt":{"rendered":"<p>Elegantn\u00fd keramick\u00fd baz\u00e9n\u00a0Briliant\u00a0je ekonomick\u00fdm variantom baz\u00e9nov Compass. Minimalistick\u00fd dizajn a absol\u00fatna \u00fa\u010delnos\u0165 rob\u00ed z t\u00fdchto baz\u00e9nov typ vhodn\u00fd pre ka\u017ed\u00fa z\u00e1hradu.<\/p>\n","protected":false},"featured_media":871,"template":"","meta":[],"product_cat":[17],"product_tag":[],"class_list":{"0":"post-377","1":"product","2":"type-product","3":"status-publish","4":"has-post-thumbnail","6":"product_cat-keramicke-bazeny","7":"grve-entry-item","9":"first","10":"instock","11":"shipping-taxable","12":"product-type-simple"},"_links":{"self":[{"href":"https:\/\/pool-spa.sk\/index.php\/wp-json\/wp\/v2\/product\/377","targetHints":{"allow":["GET"]}}],"collection":[{"href":"https:\/\/pool-spa.sk\/index.php\/wp-json\/wp\/v2\/product"}],"about":[{"href":"https:\/\/pool-spa.sk\/index.php\/wp-json\/wp\/v2\/types\/product"}],"wp:featuredmedia":[{"embeddable":true,"href":"https:\/\/pool-spa.sk\/index.php\/wp-json\/wp\/v2\/media\/871"}],"wp:attachment":[{"href":"https:\/\/pool-spa.sk\/index.php\/wp-json\/wp\/v2\/media?parent=377"}],"wp:term":[{"taxonomy":"product_cat","embeddable":true,"href":"https:\/\/pool-spa.sk\/index.php\/wp-json\/wp\/v2\/product_cat?post=377"},{"taxonomy":"product_tag","embeddable":true,"href":"https:\/\/pool-spa.sk\/index.php\/wp-json\/wp\/v2\/product_tag?post=377"}],"curies":[{"name":"wp","href":"https:\/\/api.w.org\/{rel}","templated":true}]}}