{"id":295,"date":"2021-09-15T11:56:50","date_gmt":"2021-09-15T11:56:50","guid":{"rendered":"https:\/\/pool-spa.sk\/index.php\/classes\/"},"modified":"2024-05-09T12:42:36","modified_gmt":"2024-05-09T12:42:36","slug":"caldera-utopia","status":"publish","type":"page","link":"https:\/\/pool-spa.sk\/index.php\/caldera-utopia\/","title":{"rendered":"Caldera Utopia"},"content":{"rendered":"<div class=\"wpb-content-wrapper\"><p>[vc_row padding_top_multiplier=&#8220;4x&#8220; padding_bottom_multiplier=&#8220;4x&#8220;][vc_column width=&#8220;1\/2&#8243; content_width=&#8220;custom&#8220; mobile_content_width=&#8220;100&#8243;]<div class=\"grve-element grve-image grve-align-center\">\r\n\t<div class=\"grve-image-item\">\r\n\t\t\r\n\r\n<div class=\"grve-image-wrapper grve-no-effect\">\r\n\t\t<div class=\"grve-thumbnail-wrapper\"  style=\"width: 768px;\"><div class=\"grve-thumbnail\"  style=\"padding-top: 67.057%;\"><img loading=\"lazy\" decoding=\"async\" width=\"768\" height=\"515\" src=\"https:\/\/pool-spa.sk\/wp-content\/uploads\/2024\/02\/02-1-768x515.jpg\" class=\"attachment-medium_large size-medium_large\" alt=\"\" data-column-space=\"auto\" data-lazyload=\"\" data-grve-filter=\"yes\" srcset=\"https:\/\/pool-spa.sk\/wp-content\/uploads\/2024\/02\/02-1-768x515.jpg 768w, https:\/\/pool-spa.sk\/wp-content\/uploads\/2024\/02\/02-1-300x201.jpg 300w, https:\/\/pool-spa.sk\/wp-content\/uploads\/2024\/02\/02-1-600x403.jpg 600w, https:\/\/pool-spa.sk\/wp-content\/uploads\/2024\/02\/02-1.jpg 1024w\" sizes=\"auto, (max-width: 768px) 100vw, 768px\" \/><\/div><\/div>\t<\/div>\r\n\t<\/div>\r\n<\/div>\r\n[\/vc_column][vc_column width=&#8220;1\/2&#8243;]<h3 class=\"grve-element grve-title grve-align-inherit grve-h3\"><span>S\u00c9RIA V\u00cdRIVIEK UTOPIA\u2122<\/span><\/h3><div class=\"grve-empty-space grve-height-1x\"><\/div>[vc_column_text text_style=&#8220;leader-text&#8220;]<strong>Modely Utopia\u2122 \u2013 symbol komfortu, dizajnu a v\u00fdkonu \u2013 \u013eahko ovl\u00e1date\u013en\u00e9 a s bezkonkuren\u010dn\u00fdm luxusom.<br \/>\n<\/strong><br \/>\nJedine\u010dn\u00e1 kombin\u00e1cia vysoko kvalitn\u00fdch komponentov rob\u00ed z ka\u017edej v\u00edrivky Utopia\u2122 \u201chydroterapeutick\u00fd v\u00fdkonn\u00fd prvok\u201d: maxim\u00e1lny p\u00f4\u017eitok pri n\u00edzkych prev\u00e1dzkov\u00fdch n\u00e1kladoch. Z\u00e1\u017eitok absol\u00fatnej pohody a oku lahodiaci doplnok vo va\u0161ej z\u00e1hrade. Ka\u017ed\u00fd model je pripraven\u00fd na pou\u017eitie n\u00e1\u0161ho \u013eahko obsluhovate\u013en\u00e9ho so\u013en\u00e9ho syst\u00e9mu FreshWater\u2122 \u2013 pre vodu, ktor\u00e1 zost\u00e1va dlh\u0161ie \u010derstv\u00e1 a p\u00f4sob\u00ed prirodzene.[\/vc_column_text]<div class=\"grve-empty-space grve-height-1x\"><\/div>[\/vc_column][\/vc_row][vc_row padding_bottom_multiplier=&#8220;&#8220;][vc_column]<h3 class=\"grve-element grve-title grve-align-inherit grve-h3\"><span>PONUKA MODELOV UTOPIA\u2122<\/span><\/h3>[\/vc_column][\/vc_row][vc_row padding_top_multiplier=&#8220;2x&#8220;][vc_column width=&#8220;1\/3&#8243;]<div class=\"grve-element grve-media-box grve-align-left grve-style-1\"><div class=\"grve-media\"><div class=\"grve-bg-overlay grve-bg-black grve-opacity-10\"><\/div><div class=\"grve-thumbnail-wrapper\"><div class=\"grve-thumbnail\"  style=\"padding-top: 75.684%;\"><img loading=\"lazy\" decoding=\"async\" width=\"1024\" height=\"775\" src=\"https:\/\/pool-spa.sk\/wp-content\/uploads\/2024\/02\/u1.png\" class=\"attachment-full size-full\" alt=\"\" data-column-space=\"100\" data-lazyload=\"\" data-grve-filter=\"yes\" srcset=\"https:\/\/pool-spa.sk\/wp-content\/uploads\/2024\/02\/u1.png 1024w, https:\/\/pool-spa.sk\/wp-content\/uploads\/2024\/02\/u1-300x227.png 300w, https:\/\/pool-spa.sk\/wp-content\/uploads\/2024\/02\/u1-768x581.png 768w, https:\/\/pool-spa.sk\/wp-content\/uploads\/2024\/02\/u1-600x454.png 600w\" sizes=\"auto, (max-width: 1024px) 100vw, 1024px\" \/><\/div><\/div><\/div><div class=\"grve-box-content\"><div class=\"grve-content-inner\"><h3 class=\"grve-box-title grve-h3\">RAVELLO\u2122<\/h3>    <p>\u2022 Pre 3 dospel\u00fdch osoby<br \/>\n\u2022 Rozmery: 213 x 168 x 84 cm<br \/>\n\u2022 39 trysiek<\/p><\/div>  <\/div><\/div>[\/vc_column][vc_column width=&#8220;1\/3&#8243;]<div class=\"grve-element grve-media-box grve-align-left grve-style-1\"><div class=\"grve-media\"><div class=\"grve-bg-overlay grve-bg-black grve-opacity-10\"><\/div><div class=\"grve-thumbnail-wrapper\"><div class=\"grve-thumbnail\"  style=\"padding-top: 75.684%;\"><img loading=\"lazy\" decoding=\"async\" width=\"1024\" height=\"775\" src=\"https:\/\/pool-spa.sk\/wp-content\/uploads\/2024\/02\/u2.png\" class=\"attachment-full size-full\" alt=\"\" data-column-space=\"100\" data-lazyload=\"\" data-grve-filter=\"yes\" srcset=\"https:\/\/pool-spa.sk\/wp-content\/uploads\/2024\/02\/u2.png 1024w, https:\/\/pool-spa.sk\/wp-content\/uploads\/2024\/02\/u2-300x227.png 300w, https:\/\/pool-spa.sk\/wp-content\/uploads\/2024\/02\/u2-768x581.png 768w, https:\/\/pool-spa.sk\/wp-content\/uploads\/2024\/02\/u2-600x454.png 600w\" sizes=\"auto, (max-width: 1024px) 100vw, 1024px\" \/><\/div><\/div><\/div><div class=\"grve-box-content\"><div class=\"grve-content-inner\"><h3 class=\"grve-box-title grve-h3\">CANTABRIA\u2122<\/h3>    <p>\u2022 Pre 8 dospel\u00fdch os\u00f4b<br \/>\n\u2022 Rozmery: 274 x 231 x 97 cm<br \/>\n\u2022 74 trysiek<\/p><\/div>  <\/div><\/div>[\/vc_column][vc_column width=&#8220;1\/3&#8243;]<div class=\"grve-element grve-media-box grve-align-left grve-style-1\"><div class=\"grve-media\"><div class=\"grve-bg-overlay grve-bg-black grve-opacity-10\"><\/div><div class=\"grve-thumbnail-wrapper\"><div class=\"grve-thumbnail\"  style=\"padding-top: 75.684%;\"><img loading=\"lazy\" decoding=\"async\" width=\"1024\" height=\"775\" src=\"https:\/\/pool-spa.sk\/wp-content\/uploads\/2024\/02\/u3.png\" class=\"attachment-full size-full\" alt=\"\" data-column-space=\"100\" data-lazyload=\"\" data-grve-filter=\"yes\" srcset=\"https:\/\/pool-spa.sk\/wp-content\/uploads\/2024\/02\/u3.png 1024w, https:\/\/pool-spa.sk\/wp-content\/uploads\/2024\/02\/u3-300x227.png 300w, https:\/\/pool-spa.sk\/wp-content\/uploads\/2024\/02\/u3-768x581.png 768w, https:\/\/pool-spa.sk\/wp-content\/uploads\/2024\/02\/u3-600x454.png 600w\" sizes=\"auto, (max-width: 1024px) 100vw, 1024px\" \/><\/div><\/div><\/div><div class=\"grve-box-content\"><div class=\"grve-content-inner\"><h3 class=\"grve-box-title grve-h3\">GENEVA\u2122<\/h3>    <p>\u2022 Pre 6 dospel\u00fdch os\u00f4b<br \/>\n\u2022 Rozmery: 226 x 226 x 97 cm<br \/>\n\u2022 55 trysiek<\/p><\/div>  <\/div><\/div>[\/vc_column][\/vc_row][vc_row padding_top_multiplier=&#8220;&#8220; padding_bottom_multiplier=&#8220;4x&#8220;][vc_column width=&#8220;1\/3&#8243;]<div class=\"grve-element grve-media-box grve-align-left grve-style-1\"><div class=\"grve-media\"><div class=\"grve-bg-overlay grve-bg-black grve-opacity-10\"><\/div><div class=\"grve-thumbnail-wrapper\"><div class=\"grve-thumbnail\"  style=\"padding-top: 75.684%;\"><img loading=\"lazy\" decoding=\"async\" width=\"1024\" height=\"775\" src=\"https:\/\/pool-spa.sk\/wp-content\/uploads\/2024\/02\/u4.png\" class=\"attachment-full size-full\" alt=\"\" data-column-space=\"100\" data-lazyload=\"\" data-grve-filter=\"yes\" srcset=\"https:\/\/pool-spa.sk\/wp-content\/uploads\/2024\/02\/u4.png 1024w, https:\/\/pool-spa.sk\/wp-content\/uploads\/2024\/02\/u4-300x227.png 300w, https:\/\/pool-spa.sk\/wp-content\/uploads\/2024\/02\/u4-768x581.png 768w, https:\/\/pool-spa.sk\/wp-content\/uploads\/2024\/02\/u4-600x454.png 600w\" sizes=\"auto, (max-width: 1024px) 100vw, 1024px\" \/><\/div><\/div><\/div><div class=\"grve-box-content\"><div class=\"grve-content-inner\"><h3 class=\"grve-box-title grve-h3\">TAHITIAN\u2122<\/h3>    <p>\u2022 Pre 6 dospel\u00fdch os\u00f4b<br \/>\n\u2022 Rozmery: 213 x 213 x 91 cm<br \/>\n\u2022 48 trysiek<\/p><\/div>  <\/div><\/div>[\/vc_column][vc_column width=&#8220;1\/3&#8243;]<div class=\"grve-element grve-media-box grve-align-left grve-style-1\"><div class=\"grve-media\"><div class=\"grve-bg-overlay grve-bg-black grve-opacity-10\"><\/div><div class=\"grve-thumbnail-wrapper\"><div class=\"grve-thumbnail\"  style=\"padding-top: 75.684%;\"><img loading=\"lazy\" decoding=\"async\" width=\"1024\" height=\"775\" src=\"https:\/\/pool-spa.sk\/wp-content\/uploads\/2024\/02\/u5.png\" class=\"attachment-full size-full\" alt=\"\" data-column-space=\"100\" data-lazyload=\"\" data-grve-filter=\"yes\" srcset=\"https:\/\/pool-spa.sk\/wp-content\/uploads\/2024\/02\/u5.png 1024w, https:\/\/pool-spa.sk\/wp-content\/uploads\/2024\/02\/u5-300x227.png 300w, https:\/\/pool-spa.sk\/wp-content\/uploads\/2024\/02\/u5-768x581.png 768w, https:\/\/pool-spa.sk\/wp-content\/uploads\/2024\/02\/u5-600x454.png 600w\" sizes=\"auto, (max-width: 1024px) 100vw, 1024px\" \/><\/div><\/div><\/div><div class=\"grve-box-content\"><div class=\"grve-content-inner\"><h3 class=\"grve-box-title grve-h3\">NIAGARA\u2122<\/h3>    <p>\u2022 Pre 7 dospel\u00fdch os\u00f4b<br \/>\n\u2022 Rozmery: 226 x 226 x 97 cm<br \/>\n\u2022 52 trysiek<\/p><\/div>  <\/div><\/div>[\/vc_column][vc_column width=&#8220;1\/3&#8243;]<div class=\"grve-element grve-media-box grve-align-left grve-style-1\"><div class=\"grve-media\"><div class=\"grve-bg-overlay grve-bg-black grve-opacity-10\"><\/div><div class=\"grve-thumbnail-wrapper\"><div class=\"grve-thumbnail\"  style=\"padding-top: 75.684%;\"><img loading=\"lazy\" decoding=\"async\" width=\"1024\" height=\"775\" src=\"https:\/\/pool-spa.sk\/wp-content\/uploads\/2024\/02\/u6.png\" class=\"attachment-full size-full\" alt=\"\" data-column-space=\"100\" data-lazyload=\"\" data-grve-filter=\"yes\" srcset=\"https:\/\/pool-spa.sk\/wp-content\/uploads\/2024\/02\/u6.png 1024w, https:\/\/pool-spa.sk\/wp-content\/uploads\/2024\/02\/u6-300x227.png 300w, https:\/\/pool-spa.sk\/wp-content\/uploads\/2024\/02\/u6-768x581.png 768w, https:\/\/pool-spa.sk\/wp-content\/uploads\/2024\/02\/u6-600x454.png 600w\" sizes=\"auto, (max-width: 1024px) 100vw, 1024px\" \/><\/div><\/div><\/div><div class=\"grve-box-content\"><div class=\"grve-content-inner\"><h3 class=\"grve-box-title grve-h3\">FLORENCE\u2122<\/h3>    <p>\u2022 Pre 6 dospel\u00fdch os\u00f4b<br \/>\n\u2022 Rozmery: 213 x 213 x 91 cm<br \/>\n\u2022 46 trysiek<\/p><\/div>  <\/div><\/div>[\/vc_column][\/vc_row][vc_row][vc_column]<h3 class=\"grve-element grve-title grve-align-inherit grve-h3\"><span>PREH\u013dAD SYST\u00c9MOV TRYSIEK<\/span><\/h3>[\/vc_column][\/vc_row][vc_row][vc_column][vc_tta_accordion][vc_tta_section title=&#8220;1) ULTRAMASSAGE \u2122&#8220; tab_id=&#8220;1708441391667-6ef0a57c-d031&#8243;][vc_column_text]V sede alebo v \u013eahu (l\u00ed\u0161i sa pod\u013ea modelu) na mas\u00e1\u017e krku, ramien a strednej \u010dasti chrbta.[\/vc_column_text][\/vc_tta_section][vc_tta_section title=&#8220;2) MAS\u00c1\u017d \u0160\u00cdJE -ATLAS\u2122&#8220; tab_id=&#8220;1708441391696-a4ef3685-9542&#8243;][vc_column_text]Va\u0161a hlava pohodlne spo\u010d\u00edva v tvarovanom vank\u00fa\u0161i, zatia\u013e \u010do \u0161peci\u00e1lne trysky umiestnen\u00e9 nad vodnou hladinou mas\u00edruj\u00fa v\u00e1\u0161 krk a ramen\u00e1.[\/vc_column_text][\/vc_tta_section][vc_tta_section title=&#8220;3) ECSTASEAT\u2122&#8220; tab_id=&#8220;1708441417183-31fbd549-0c4a&#8220;][vc_column_text]Viacero trysiek \u0161peci\u00e1lne mas\u00edruje ve\u013ek\u00e9 svaly na va\u0161ej chrbtici.[\/vc_column_text][\/vc_tta_section][vc_tta_section title=&#8220;4) BEDROV\u00c9 SEDADLO\u2122 (LUMBARSSAGE\u2122)&#8220; tab_id=&#8220;1708441418226-01086bec-2cd2&#8243;][vc_column_text]Jedine\u010dn\u00e9 usporiadanie trysiek \u0161pecificky eliminuje nap\u00e4tie a boles\u0165 v bedrovej oblasti.[\/vc_column_text][\/vc_tta_section][vc_tta_section title=&#8220;5) EUPHORIA\u2122 TRYSKY&#8220; tab_id=&#8220;1708441419180-ec685547-5b07&#8243;][vc_column_text]Tieto trysky poskytuj\u00fa siln\u00fa h\u013abkov\u00fa mas\u00e1\u017e stehien, kolien, l\u00fdtok a chodidiel (dve trysky vo v\u00e4\u010d\u0161ine modelov Utopia\u2122).[\/vc_column_text][\/vc_tta_section][vc_tta_section title=&#8220;6) THUMP TRYSKY&#8220; tab_id=&#8220;1708441419828-eefd3c16-ba65&#8243;][vc_column_text]Tieto trysky v modeloch Niagara\u2122, Geneva\u2122 a Cantabria\u2122 \u201csprac\u00favaj\u00fa\u201d \u010dasto prehliadan\u00fd stresov\u00fd bod a robia va\u0161e boky op\u00e4\u0165 mobilnej\u0161\u00edmi.[\/vc_column_text][\/vc_tta_section][vc_tta_section title=&#8220;7) \u0160IKM\u00c9 L\u00ddTKOV\u00c9 TRYSKY&#8220; tab_id=&#8220;1708441420516-e133da94-2526&#8243;][vc_column_text]Tieto trysky v modeloch Utopia\u2122 mas\u00edruj\u00fa v\u0161etky pr\u00edslu\u0161n\u00e9 svaly v oblasti doln\u00fdch kon\u010dat\u00edn.[\/vc_column_text][\/vc_tta_section][vc_tta_section title=&#8220;8) CHODIDLOV\u00c9 DOPLNKY\u2122 NA UPOKOJENIE CHODIDIEL&#8220; tab_id=&#8220;1708441421075-c88b90b5-a823&#8243;][vc_column_text]Trysky stimuluj\u00fa a o\u017eivuj\u00fa svalstvo na chodidl\u00e1ch \u2013 preto\u017ee tieto svaly cel\u00fd de\u0148 nes\u00fa va\u0161u v\u00e1hu.[\/vc_column_text][\/vc_tta_section][vc_tta_section title=&#8220;9) FOOT RIDGE\u2122&#8220; tab_id=&#8220;1708441421603-9cb7c9a4-70f0&#8243;][vc_column_text]Stabilizuje a bezpe\u010dne V\u00e1s dr\u017e\u00ed na mieste, zatia\u013e \u010do v\u00fdkonn\u00e9 trysky \u201cpracuj\u00fa\u201d na Va\u0161ich bo\u013eav\u00fdch svaloch.[\/vc_column_text][\/vc_tta_section][vc_tta_section title=&#8220;10) TRYSKA ORBISSAGE\u2122&#8220; tab_id=&#8220;1708441422202-32f298a5-5fb4&#8243;][vc_column_text]T\u00e1to tryska je \u0161tandardne dod\u00e1van\u00e1 v sedadle UltraMassage\u2122 alebo v polohovate\u013enom sedadle mas\u00e1\u017enych van\u00ed radu Utopia v dvoch poloh\u00e1ch ramien.[\/vc_column_text][\/vc_tta_section][vc_tta_section title=&#8220;11) TRYSKA VERSASAGE\u2122&#8220; tab_id=&#8220;1708441423149-99f56214-78e5&#8243;][vc_column_text]Trysky VersaSage umo\u017e\u0148uj\u00fa meni\u0165 intenzitu mas\u00e1\u017ee a tie\u017e nastavi\u0165 smerov\u00fd, priamy alebo rota\u010dn\u00fd mas\u00e1\u017eny pr\u00fad.[\/vc_column_text][\/vc_tta_section][vc_tta_section title=&#8220;12) TRYSKY ADAPTAFLO\u2122 &amp; ADAPTASAGE\u2122&#8220; tab_id=&#8220;1708441423664-89874f4a-9683&#8243;][vc_column_text]Tieto trysky umo\u017e\u0148uj\u00fa presmerova\u0165 pr\u00fad vody zmenou polohy v\u00fdstupu. A tie\u017e je mo\u017en\u00e9 nastavi\u0165 intenzitu mas\u00e1\u017ee.[\/vc_column_text][\/vc_tta_section][vc_tta_section title=&#8220;13) TRYSKY EURO A TRYSKY EURO-PULSE\u2122&#8220; tab_id=&#8220;1708441424320-177067b0-6b7b&#8220;][vc_column_text]Trysky Euro-Pulse maj\u00fa v\u00fdstupy na sp\u00f4sob tzv. o\u010dn\u00fdch g\u00fa\u013e a \u0161peci\u00e1lnu vlo\u017eku na jemn\u00fa, pulzuj\u00facu a rotuj\u00facu mas\u00e1\u017e[\/vc_column_text][\/vc_tta_section][vc_tta_section title=&#8220;14) OKRUHOV\u00c1 TERAPIA HOT TUB&#8220; tab_id=&#8220;1708441425264-90a818b0-7f11&#8243;][vc_column_text]Optim\u00e1lne vyu\u017eitie na\u0161ich pr\u00fadov\u00fdch syst\u00e9mov na jedine\u010dn\u00fa celotelov\u00fa terapiu.[\/vc_column_text][\/vc_tta_section][\/vc_tta_accordion][\/vc_column][\/vc_row]<\/p>\n<\/div>","protected":false},"excerpt":{"rendered":"<p>[vc_row padding_top_multiplier=&#8220;4x&#8220; padding_bottom_multiplier=&#8220;4x&#8220;][vc_column width=&#8220;1\/2&#8243; content_width=&#8220;custom&#8220; mobile_content_width=&#8220;100&#8243;][\/vc_column][vc_column width=&#8220;1\/2&#8243;][vc_column_text text_style=&#8220;leader-text&#8220;]Modely Utopia\u2122 \u2013 symbol komfortu, dizajnu a v\u00fdkonu \u2013 \u013eahko ovl\u00e1date\u013en\u00e9 a s bezkonkuren\u010dn\u00fdm luxusom. Jedine\u010dn\u00e1 kombin\u00e1cia vysoko kvalitn\u00fdch komponentov rob\u00ed z ka\u017edej v\u00edrivky Utopia\u2122 \u201chydroterapeutick\u00fd v\u00fdkonn\u00fd prvok\u201d: maxim\u00e1lny p\u00f4\u017eitok pri n\u00edzkych prev\u00e1dzkov\u00fdch n\u00e1kladoch. Z\u00e1\u017eitok absol\u00fatnej pohody a oku lahodiaci doplnok vo va\u0161ej z\u00e1hrade. Ka\u017ed\u00fd model je pripraven\u00fd [&hellip;]<\/p>\n","protected":false},"author":1,"featured_media":0,"parent":0,"menu_order":0,"comment_status":"closed","ping_status":"closed","template":"","meta":{"footnotes":""},"class_list":["post-295","page","type-page","status-publish","hentry","grve-entry-item"],"_links":{"self":[{"href":"https:\/\/pool-spa.sk\/index.php\/wp-json\/wp\/v2\/pages\/295","targetHints":{"allow":["GET"]}}],"collection":[{"href":"https:\/\/pool-spa.sk\/index.php\/wp-json\/wp\/v2\/pages"}],"about":[{"href":"https:\/\/pool-spa.sk\/index.php\/wp-json\/wp\/v2\/types\/page"}],"author":[{"embeddable":true,"href":"https:\/\/pool-spa.sk\/index.php\/wp-json\/wp\/v2\/users\/1"}],"replies":[{"embeddable":true,"href":"https:\/\/pool-spa.sk\/index.php\/wp-json\/wp\/v2\/comments?post=295"}],"version-history":[{"count":0,"href":"https:\/\/pool-spa.sk\/index.php\/wp-json\/wp\/v2\/pages\/295\/revisions"}],"wp:attachment":[{"href":"https:\/\/pool-spa.sk\/index.php\/wp-json\/wp\/v2\/media?parent=295"}],"curies":[{"name":"wp","href":"https:\/\/api.w.org\/{rel}","templated":true}]}}