{"id":1207,"date":"2024-05-31T14:02:05","date_gmt":"2024-05-31T14:02:05","guid":{"rendered":"https:\/\/pool-spa.sk\/index.php\/bazenove-cerpadla-copy\/"},"modified":"2024-06-05T08:25:55","modified_gmt":"2024-06-05T08:25:55","slug":"bazenove-led-svetlo","status":"publish","type":"page","link":"https:\/\/pool-spa.sk\/index.php\/bazenove-led-svetlo\/","title":{"rendered":"Baz\u00e9nov\u00e9 LED svetlo"},"content":{"rendered":"<div class=\"wpb-content-wrapper\"><p>[vc_row][vc_column]<div class=\"grve-empty-space grve-height-1x\"><\/div>[vc_column_text]<\/p>\n<h2>LED svetlo biele alebo farebn\u00e9<\/h2>\n<p>Vysvie\u0165te si svoj baz\u00e9n jedn\u00fdm alebo viacer\u00fdmi svetlami. Doprajte si aj ve\u010dern\u00e9 k\u00fapanie.<\/p>\n<p>Svetl\u00e1, ktor\u00e9 pon\u00fakame, sa in\u0161taluj\u00fa do trysky, tak\u017ee v\u0161etko pr\u00edslu\u0161enstvo vyzer\u00e1 kompaktnej\u0161ie. S\u00fa vyroben\u00e9 z\u00a0prieh\u013eadn\u00e9ho polykarbon\u00e1tu.<\/p>\n<ul>\n<li>Ku\u017eel svetla je 120\u00b0<\/li>\n<li><strong>Biela m\u00e1 12 LED<\/strong><\/li>\n<li><strong>Farebn\u00e9 m\u00e1 36 LED RGB<\/strong><\/li>\n<li>Svietivos\u0165 bielej 540 lm<\/li>\n<li>Svietivos\u0165 RGB 222 lm<\/li>\n<li>V\u00fdkon bielej 5,4W<\/li>\n<li>V\u00fdkon farebnej 6,8W<\/li>\n<li>Nap\u00e4tie 12V<\/li>\n<\/ul>\n<p>[\/vc_column_text][\/vc_column][\/vc_row][vc_row][vc_column width=&#8220;1\/3&#8243;][\/vc_column][vc_column width=&#8220;1\/3&#8243;]<div class=\"grve-element grve-image grve-align-center\">\r\n\t<div class=\"grve-image-item\">\r\n\t\t\r\n\r\n<div class=\"grve-image-wrapper grve-no-effect\">\r\n\t\t<div class=\"grve-thumbnail-wrapper\"  style=\"width: 1276px;\"><div class=\"grve-thumbnail\"  style=\"padding-top: 62.696%;\"><img loading=\"lazy\" decoding=\"async\" width=\"1276\" height=\"800\" src=\"https:\/\/pool-spa.sk\/wp-content\/uploads\/2024\/06\/p1.jpg\" class=\"attachment-full size-full\" alt=\"\" data-column-space=\"auto\" data-lazyload=\"\" data-grve-filter=\"yes\" srcset=\"https:\/\/pool-spa.sk\/wp-content\/uploads\/2024\/06\/p1.jpg 1276w, https:\/\/pool-spa.sk\/wp-content\/uploads\/2024\/06\/p1-300x188.jpg 300w, https:\/\/pool-spa.sk\/wp-content\/uploads\/2024\/06\/p1-1024x642.jpg 1024w, https:\/\/pool-spa.sk\/wp-content\/uploads\/2024\/06\/p1-768x482.jpg 768w\" sizes=\"auto, (max-width: 1276px) 100vw, 1276px\" \/><\/div><\/div>\t<\/div>\r\n\t<\/div>\r\n<\/div>\r\n[\/vc_column][vc_column width=&#8220;1\/3&#8243;][\/vc_column][\/vc_row]<\/p>\n<\/div>","protected":false},"excerpt":{"rendered":"<p>[vc_row][vc_column][vc_column_text] LED svetlo biele alebo farebn\u00e9 Vysvie\u0165te si svoj baz\u00e9n jedn\u00fdm alebo viacer\u00fdmi svetlami. Doprajte si aj ve\u010dern\u00e9 k\u00fapanie. Svetl\u00e1, ktor\u00e9 pon\u00fakame, sa in\u0161taluj\u00fa do trysky, tak\u017ee v\u0161etko pr\u00edslu\u0161enstvo vyzer\u00e1 kompaktnej\u0161ie. S\u00fa vyroben\u00e9 z\u00a0prieh\u013eadn\u00e9ho polykarbon\u00e1tu. Ku\u017eel svetla je 120\u00b0 Biela m\u00e1 12 LED Farebn\u00e9 m\u00e1 36 LED RGB Svietivos\u0165 bielej 540 lm Svietivos\u0165 RGB 222 [&hellip;]<\/p>\n","protected":false},"author":1,"featured_media":0,"parent":0,"menu_order":0,"comment_status":"closed","ping_status":"closed","template":"","meta":{"footnotes":""},"class_list":["post-1207","page","type-page","status-publish","hentry","grve-entry-item"],"_links":{"self":[{"href":"https:\/\/pool-spa.sk\/index.php\/wp-json\/wp\/v2\/pages\/1207","targetHints":{"allow":["GET"]}}],"collection":[{"href":"https:\/\/pool-spa.sk\/index.php\/wp-json\/wp\/v2\/pages"}],"about":[{"href":"https:\/\/pool-spa.sk\/index.php\/wp-json\/wp\/v2\/types\/page"}],"author":[{"embeddable":true,"href":"https:\/\/pool-spa.sk\/index.php\/wp-json\/wp\/v2\/users\/1"}],"replies":[{"embeddable":true,"href":"https:\/\/pool-spa.sk\/index.php\/wp-json\/wp\/v2\/comments?post=1207"}],"version-history":[{"count":1,"href":"https:\/\/pool-spa.sk\/index.php\/wp-json\/wp\/v2\/pages\/1207\/revisions"}],"predecessor-version":[{"id":1259,"href":"https:\/\/pool-spa.sk\/index.php\/wp-json\/wp\/v2\/pages\/1207\/revisions\/1259"}],"wp:attachment":[{"href":"https:\/\/pool-spa.sk\/index.php\/wp-json\/wp\/v2\/media?parent=1207"}],"curies":[{"name":"wp","href":"https:\/\/api.w.org\/{rel}","templated":true}]}}