{"id":1204,"date":"2024-05-31T13:59:37","date_gmt":"2024-05-31T13:59:37","guid":{"rendered":"https:\/\/pool-spa.sk\/index.php\/bazenovy-vysavac-copy\/"},"modified":"2024-06-04T15:03:30","modified_gmt":"2024-06-04T15:03:30","slug":"skimmer-pre-vysoku-hladinu-vody","status":"publish","type":"page","link":"https:\/\/pool-spa.sk\/index.php\/skimmer-pre-vysoku-hladinu-vody\/","title":{"rendered":"Skimmer"},"content":{"rendered":"<div class=\"wpb-content-wrapper\"><p>[vc_row][vc_column]<div class=\"grve-empty-space grve-height-1x\"><\/div>[vc_column_text]<\/p>\n<h2>Skimmer pre vysok\u00fa hladinu vody<\/h2>\n<p>Baz\u00e9n s integrovan\u00fdm skimmerom m\u00e1 hladinu vody<strong>\u00a03-5 centimetrov od hornej hrany baz\u00e9na<\/strong>. Pri baz\u00e9noch s be\u017en\u00fdm skimmerom je to 10-15 cm. Integrovan\u00fd skimmer je\u00a0<strong>s\u00fa\u010das\u0165ou v\u00fdroby<\/strong>\u00a0samotn\u00e9ho baz\u00e9na.<\/p>\n<h3>Popis a v\u00fdhody<\/h3>\n<ul>\n<li><strong>skimmer je vo farbe baz\u00e9na<\/strong>, v\u010faka \u010domu ho nie je vidno<\/li>\n<li>baz\u00e9ny\u00a0<strong>od 45 m<sup>3<\/sup><\/strong>\u00a0b\u00fdvaj\u00fa \u0161tandardne s\u00a0<strong>dvomi skimmerami<\/strong>, tak\u017ee pr\u00edpadn\u00e9 ne\u010distoty z\u00a0hladiny zmizn\u00fa r\u00fdchlej\u0161ie<\/li>\n<li>vysok\u00e1 hladina vyzer\u00e1 elegantne<\/li>\n<li>cena v porovnan\u00ed s be\u017en\u00fdm skimmerom je cca o 280 \u20ac vy\u0161\u0161ia, \u010do v\u0161ak vykompenzuje celkov\u00fd dojem<\/li>\n<\/ul>\n<p>[\/vc_column_text][\/vc_column][\/vc_row][vc_row][vc_column width=&#8220;1\/3&#8243;][\/vc_column][vc_column width=&#8220;1\/3&#8243;]<div class=\"grve-element grve-image grve-align-center\">\r\n\t<div class=\"grve-image-item\">\r\n\t\t\r\n\r\n<div class=\"grve-image-wrapper grve-no-effect\">\r\n\t\t<div class=\"grve-thumbnail-wrapper\"  style=\"width: 1000px;\"><div class=\"grve-thumbnail\"  style=\"padding-top: 65.9%;\"><img loading=\"lazy\" decoding=\"async\" width=\"1000\" height=\"659\" src=\"https:\/\/pool-spa.sk\/wp-content\/uploads\/2024\/06\/001.jpg\" class=\"attachment-full size-full\" alt=\"\" data-column-space=\"auto\" data-lazyload=\"\" data-grve-filter=\"yes\" srcset=\"https:\/\/pool-spa.sk\/wp-content\/uploads\/2024\/06\/001.jpg 1000w, https:\/\/pool-spa.sk\/wp-content\/uploads\/2024\/06\/001-300x198.jpg 300w, https:\/\/pool-spa.sk\/wp-content\/uploads\/2024\/06\/001-768x506.jpg 768w\" sizes=\"auto, (max-width: 1000px) 100vw, 1000px\" \/><\/div><\/div>\t<\/div>\r\n\t<\/div>\r\n<\/div>\r\n[\/vc_column][vc_column width=&#8220;1\/3&#8243;][\/vc_column][\/vc_row]<\/p>\n<\/div>","protected":false},"excerpt":{"rendered":"<p>[vc_row][vc_column][vc_column_text] Skimmer pre vysok\u00fa hladinu vody Baz\u00e9n s integrovan\u00fdm skimmerom m\u00e1 hladinu vody\u00a03-5 centimetrov od hornej hrany baz\u00e9na. Pri baz\u00e9noch s be\u017en\u00fdm skimmerom je to 10-15 cm. Integrovan\u00fd skimmer je\u00a0s\u00fa\u010das\u0165ou v\u00fdroby\u00a0samotn\u00e9ho baz\u00e9na. Popis a v\u00fdhody skimmer je vo farbe baz\u00e9na, v\u010faka \u010domu ho nie je vidno baz\u00e9ny\u00a0od 45 m3\u00a0b\u00fdvaj\u00fa \u0161tandardne s\u00a0dvomi skimmerami, tak\u017ee pr\u00edpadn\u00e9 ne\u010distoty [&hellip;]<\/p>\n","protected":false},"author":1,"featured_media":0,"parent":0,"menu_order":0,"comment_status":"closed","ping_status":"closed","template":"","meta":{"footnotes":""},"class_list":["post-1204","page","type-page","status-publish","hentry","grve-entry-item"],"_links":{"self":[{"href":"https:\/\/pool-spa.sk\/index.php\/wp-json\/wp\/v2\/pages\/1204","targetHints":{"allow":["GET"]}}],"collection":[{"href":"https:\/\/pool-spa.sk\/index.php\/wp-json\/wp\/v2\/pages"}],"about":[{"href":"https:\/\/pool-spa.sk\/index.php\/wp-json\/wp\/v2\/types\/page"}],"author":[{"embeddable":true,"href":"https:\/\/pool-spa.sk\/index.php\/wp-json\/wp\/v2\/users\/1"}],"replies":[{"embeddable":true,"href":"https:\/\/pool-spa.sk\/index.php\/wp-json\/wp\/v2\/comments?post=1204"}],"version-history":[{"count":1,"href":"https:\/\/pool-spa.sk\/index.php\/wp-json\/wp\/v2\/pages\/1204\/revisions"}],"predecessor-version":[{"id":1242,"href":"https:\/\/pool-spa.sk\/index.php\/wp-json\/wp\/v2\/pages\/1204\/revisions\/1242"}],"wp:attachment":[{"href":"https:\/\/pool-spa.sk\/index.php\/wp-json\/wp\/v2\/media?parent=1204"}],"curies":[{"name":"wp","href":"https:\/\/api.w.org\/{rel}","templated":true}]}}