{"id":1194,"date":"2024-05-31T13:44:59","date_gmt":"2024-05-31T13:44:59","guid":{"rendered":"https:\/\/pool-spa.sk\/index.php\/bazenovy-vysavac-copy\/"},"modified":"2024-05-31T13:51:31","modified_gmt":"2024-05-31T13:51:31","slug":"filtracna-napln-zeopure","status":"publish","type":"page","link":"https:\/\/pool-spa.sk\/index.php\/filtracna-napln-zeopure\/","title":{"rendered":"Filtra\u010dn\u00e1 n\u00e1pl\u0148"},"content":{"rendered":"<div class=\"wpb-content-wrapper\"><p>[vc_row][vc_column]<div class=\"grve-empty-space grve-height-1x\"><\/div>[vc_column_text]<\/p>\n<h2>Kri\u0161t\u00e1\u013eovo \u010dist\u00fd baz\u00e9n bez ch\u00e9mie a z\u00e1pachu<\/h2>\n<p>Filtra\u010dn\u00e1 n\u00e1pl\u0148\u00a0<strong>ZeoPure<sup>\u00ae<\/sup><\/strong>\u00a0v\u00fdrazne zni\u017euje n\u00e1klady na d\u00e1vkovanie ch\u00e9mie, spotrebu vody, energie a \u010dasu pri sp\u00e4tnom prem\u00fdvaniu filtra\u010dn\u00e9ho m\u00e9dia.<\/p>\n<h3>\u010cist\u00e1 voda naozaj takmer bez ch\u00e9mie?<\/h3>\n<p>\u00c1no,\u00a0<strong>ZeoPure<sup>\u00ae<\/sup><\/strong>\u00a0vytv\u00e1ra kri\u0161t\u00e1\u013eovo \u010dist\u00fa vodu vo va\u0161om baz\u00e9ne! Por\u00e9zny povrch podobn\u00fd molitanovej hubke,\u00a0<strong>zachyt\u00ed aj tie najmen\u0161ie \u010diasto\u010dky a\u017e do 2 mikr\u00f3nov<\/strong> a\u00a0preto nie je nutn\u00e9 pou\u017e\u00edva\u0165 ch\u00e9miu ako v\u00a0pr\u00edpade piesku alebo skla. T\u00fdmto je zv\u00fd\u0161en\u00e1 \u010distota vody bez pou\u017eitia ch\u00e9mie, ktor\u00e1 sp\u00f4sobuje z\u00e1pach, podr\u00e1\u017edenie poko\u017eky a\u00a0o\u010d\u00ed. ZeoPure je takzvan\u00e9 multifunk\u010dn\u00e9 filtra\u010dn\u00e9 m\u00e9dium, ktor\u00e9 m\u00e1 okrem mechanickej filtr\u00e1cie (tak ako aj piesok) aj \u010fal\u0161ie funkcie a\u00a0to mikro filtr\u00e1ciu a\u00a0funkciu i\u00f3novej v\u00fdmeny.<\/p>\n<h3>Vlastnosti filtra\u010dnej n\u00e1plne\u00a0<strong>ZeoPure<sup>\u00ae<\/sup><\/strong><\/h3>\n<p>Svojimi vlastnos\u0165ami zni\u017euje alebo \u00faplne eliminuje pou\u017e\u00edvanie ch\u00e9mie pri \u010disten\u00ed vody. Jednoducho povedan\u00e9 v\u00e4\u010d\u0161ina ne\u010dist\u00f4t sa zlikviduje v\u010faka unik\u00e1tnym vlastnos\u0165am filtra\u010dnej n\u00e1plne\u00a0<strong>ZeoPure<sup>\u00ae<\/sup><\/strong><\/p>\n<ul>\n<li><strong>odstra\u0148uje z\u00e1pach<\/strong>\u00a0z\u00a0vody<\/li>\n<li>zni\u017euje podr\u00e1\u017edenie o\u010d\u00ed a\u00a0poko\u017eky<\/li>\n<li>vytv\u00e1ra\u00a0<strong>kri\u0161t\u00e1\u013eovo \u010dist\u00fa vodu<\/strong><\/li>\n<li>a\u017e o\u00a0<strong>50% zni\u017euje spotrebu vody<\/strong>\u00a0na preplachovanie<\/li>\n<li>najlep\u0161ia filtr\u00e1cia a\u017e do\u00a0<strong>2 mikr\u00f3nov<\/strong><\/li>\n<li>zn\u00ed\u017eenie d\u00e1vkovania chl\u00f3ru a\u017e o\u00a035%<\/li>\n<li>100% pr\u00edrodn\u00fd produkt z\u00a0Austr\u00e1lie<\/li>\n<li>jednoduch\u0161ia manipul\u00e1cia<\/li>\n<\/ul>\n<p>Fitra\u010dn\u00e1 n\u00e1pl\u0148\u00a0<strong>ZeoPure<sup>\u00ae<\/sup><\/strong>\u00a0je najkvalitnej\u0161ie filtra\u010dn\u00e9 m\u00e9dium pou\u017eite\u013en\u00e9 aj \u201ebez ch\u00e9mie\u201c. Jedn\u00e1 sa o jedine\u010dn\u00fa horninu klinoptiloit\/zeolit z\u00edskan\u00fd \u0165a\u017ebou a \u00fapravou v Austr\u00e1lii. Tento typ horniny m\u00e1 oproti eur\u00f3pskemu zeolitu v\u00fdnimo\u010dn\u00fa tvrdos\u0165 ako sklo alebo obdobn\u00fa trojrozmern\u00fa \u0161trukt\u00faru podobn\u00fa v\u010deliemu pl\u00e1tu.<\/p>\n<h3>100x v\u00e4\u010d\u0161ia fitra\u010dn\u00e1 plocha<\/h3>\n<p>Vznik tejto atypickej horniny sa odhaduje na viac ako pred 300 mili\u00f3nmi rokov a pr\u00e1ve vek je k\u013e\u00fa\u010dov\u00fdm faktorom v\u00fdnimo\u010dnej tvrdosti a p\u00f3rovitosti. ZeoPure m\u00e1 obrovsk\u00fa akt\u00edvnu plochu (cca 1kg = 2,5x futbalov\u00e9 ihrisko) a t\u00fdm je\u00a0<strong>jeho filtra\u010dn\u00e1 plocha cca 100x v\u00e4\u010d\u0161ia ne\u017e pieskov\u00e1<\/strong>\u00a0a\u00a0<strong>200x v\u00e4\u010d\u0161ia ako sklo.<\/strong><\/p>\n<ul>\n<li>ur\u010den\u00e9 pre\u00a0<strong>v\u0161etky typy<\/strong><strong>pieskov\u00fdch filtrov<\/strong><\/li>\n<li><strong>v\u00fdrazne zni\u017euje a\u017e nahr\u00e1dza pou\u017e\u00edvanie ch\u00e9mie<\/strong>\n<ul>\n<li>ZeoPure zvy\u0161uje \u00fa\u010dinnos\u0165 dezinfek\u010dn\u00fdch l\u00e1tok a v\u00fdznamne zni\u017euje ich d\u00e1vkovanie<\/li>\n<li>stabilizuje pH vody<\/li>\n<\/ul>\n<\/li>\n<li><strong>vytv\u00e1ra kri\u0161t\u00e1\u013eovo \u010dist\u00fa vodu<\/strong>\n<ul>\n<li>t\u00fdm, \u017ee zachyt\u00e1va ne\u010distoty a\u017e do 2 mikr\u00f3nov (piesok len do 20 mic), m\u00e1 100x v\u00e4\u010d\u0161iu filtra\u010dn\u00fa plochu na zadr\u017eiavanie ne\u010dist\u00f4t oproti piesku<\/li>\n<\/ul>\n<\/li>\n<li><strong>zni\u017euje z\u00e1pach, podr\u00e1\u017edenie ko\u017ee a o\u010d\u00ed<\/strong>\n<ul>\n<li>t\u00fdm, \u017ee vykon\u00e1va i\u00f3nov\u00fa v\u00fdmenu amoniaku \/ \u010dpavku napr\u00edklad pri pou\u017e\u00edvan\u00ed chl\u00f3ru<\/li>\n<\/ul>\n<\/li>\n<li><strong>zni\u017euje spotrebu vody a energie<\/strong>\n<ul>\n<li>skracuje \u010das sp\u00e4tn\u00e9ho preplachu, predl\u017euje intervaly medzi sp\u00e4tn\u00fdm preplachom, dok\u00e1zan\u00e1 \u00faspora a\u017e 50%<\/li>\n<\/ul>\n<\/li>\n<li><strong>\u017eivotnos\u0165 v\u010faka vysokej tvrdosti a\u017e 5 rokov<\/strong><\/li>\n<\/ul>\n<h3>Naj\u010dastej\u0161ie ot\u00e1zky na fungovanie\u00a0<strong>ZeoPure<sup>\u00ae<\/sup><\/strong><\/h3>\n<h3>Kde sa ZeoPure<sup>\u00ae<\/sup>pou\u017e\u00edva?<\/h3>\n<ul>\n<li>dom\u00e1ce baz\u00e9ny\u00a0a\u00a0v\u00edrivky<\/li>\n<li>verejn\u00e9 baz\u00e9ny a\u00a0v\u00edrivky<\/li>\n<li>\u00faprava pitnej a u\u017eitkovej vody<\/li>\n<li>\u010disti\u010dky odpadov\u00fdch v\u00f4d<\/li>\n<li>komer\u010dn\u00e9 \u010disti\u010dky na r\u00fdchle opakovan\u00e9 pou\u017eitie (napr. autoum\u00fdvarky)<\/li>\n<\/ul>\n<h3>Naozaj sa u\u0161etr\u00ed vody a energie pri preplachovan\u00ed?<\/h3>\n<p>\u00c1no, sk\u00fasenosti pou\u017e\u00edvate\u013eov dok\u00e1zali, \u017ee m\u00f4\u017eete u\u0161etri\u0165 a\u017e 50% vody a a\u017e 50% energie pri pou\u017e\u00edvan\u00ed ZeoPure.\u00a0<strong>V\u010faka ve\u013ekej filtra\u010dnej ploche je toti\u017e filtra\u010dn\u00fd proces ove\u013ea efekt\u00edvnej\u0161\u00ed<\/strong>.<\/p>\n<h3>M\u00f4\u017eem ZeoPure pou\u017ei\u0165 so so\u013en\u00fdm alebo oz\u00f3nov\u00fdm zariaden\u00edm?<\/h3>\n<p>\u00c1no, odpor\u00fa\u010dame t\u00fato kombin\u00e1ciu pre vy\u0161\u0161\u00ed komfort a\u00a0v\u00fdsledn\u00fa kri\u0161t\u00e1\u013eovo \u010dist\u00fa vodu bez z\u00e1pachu. ZeoPure v\u00fdrazne predl\u017euje \u017eivotnos\u0165 elektr\u00f3dov\u00fdch do\u0161ti\u010diek.<\/p>\n<h3>Ako \u010dasto je nutn\u00e1 v\u00fdmena resp. regener\u00e1cia ZeoPure?<\/h3>\n<p>V\u00fdmeny sa odpor\u00fa\u010da po 4-5 rokoch v\u00a0z\u00e1vislosti od podmienok (rovnak\u00e1 v\u00fdmenn\u00e1 doba ako pri piesku). V\u010faka v\u00fdnimo\u010dn\u00fdm vlastnostiam, akou s\u00fa mikrofiltr\u00e1cia a\u00a0i\u00f3nova v\u00fdmena, sa odpor\u00fa\u010da raz do roka\u00a0<a href=\"https:\/\/zeopure.eu\/cs\/produkty\/\">regener\u00e1cia filtra\u010dn\u00e9ho m\u00e9dia<\/a>.<\/p>\n<h3>Ak\u00e1 je spotreba ZeoPure?<\/h3>\n<p>Balenie 15 kg nahr\u00e1dza 20 kg piesku.[\/vc_column_text][\/vc_column][\/vc_row]<\/p>\n<\/div>","protected":false},"excerpt":{"rendered":"<p>[vc_row][vc_column][vc_column_text] Kri\u0161t\u00e1\u013eovo \u010dist\u00fd baz\u00e9n bez ch\u00e9mie a z\u00e1pachu Filtra\u010dn\u00e1 n\u00e1pl\u0148\u00a0ZeoPure\u00ae\u00a0v\u00fdrazne zni\u017euje n\u00e1klady na d\u00e1vkovanie ch\u00e9mie, spotrebu vody, energie a \u010dasu pri sp\u00e4tnom prem\u00fdvaniu filtra\u010dn\u00e9ho m\u00e9dia. \u010cist\u00e1 voda naozaj takmer bez ch\u00e9mie? \u00c1no,\u00a0ZeoPure\u00ae\u00a0vytv\u00e1ra kri\u0161t\u00e1\u013eovo \u010dist\u00fa vodu vo va\u0161om baz\u00e9ne! Por\u00e9zny povrch podobn\u00fd molitanovej hubke,\u00a0zachyt\u00ed aj tie najmen\u0161ie \u010diasto\u010dky a\u017e do 2 mikr\u00f3nov a\u00a0preto nie je nutn\u00e9 [&hellip;]<\/p>\n","protected":false},"author":1,"featured_media":0,"parent":0,"menu_order":0,"comment_status":"closed","ping_status":"closed","template":"","meta":{"footnotes":""},"class_list":["post-1194","page","type-page","status-publish","hentry","grve-entry-item"],"_links":{"self":[{"href":"https:\/\/pool-spa.sk\/index.php\/wp-json\/wp\/v2\/pages\/1194","targetHints":{"allow":["GET"]}}],"collection":[{"href":"https:\/\/pool-spa.sk\/index.php\/wp-json\/wp\/v2\/pages"}],"about":[{"href":"https:\/\/pool-spa.sk\/index.php\/wp-json\/wp\/v2\/types\/page"}],"author":[{"embeddable":true,"href":"https:\/\/pool-spa.sk\/index.php\/wp-json\/wp\/v2\/users\/1"}],"replies":[{"embeddable":true,"href":"https:\/\/pool-spa.sk\/index.php\/wp-json\/wp\/v2\/comments?post=1194"}],"version-history":[{"count":0,"href":"https:\/\/pool-spa.sk\/index.php\/wp-json\/wp\/v2\/pages\/1194\/revisions"}],"wp:attachment":[{"href":"https:\/\/pool-spa.sk\/index.php\/wp-json\/wp\/v2\/media?parent=1194"}],"curies":[{"name":"wp","href":"https:\/\/api.w.org\/{rel}","templated":true}]}}