{"id":1190,"date":"2024-05-31T13:36:06","date_gmt":"2024-05-31T13:36:06","guid":{"rendered":"https:\/\/pool-spa.sk\/index.php\/bazenovy-vysavac-copy\/"},"modified":"2024-06-04T14:57:32","modified_gmt":"2024-06-04T14:57:32","slug":"pieskova-filtracia","status":"publish","type":"page","link":"https:\/\/pool-spa.sk\/index.php\/pieskova-filtracia\/","title":{"rendered":"Pieskov\u00e1 filtr\u00e1cia"},"content":{"rendered":"<div class=\"wpb-content-wrapper\"><p>[vc_row][vc_column]<div class=\"grve-empty-space grve-height-1x\"><\/div>[vc_column_text]<\/p>\n<h2>Pieskov\u00e1 filtr\u00e1cia sa pou\u017e\u00edva pri baz\u00e9noch od 13 m<sup>3<\/sup>.<\/h2>\n<p>\u010cist\u00ed v\u0161etky\u00a0<strong>mechanick\u00e9 ne\u010distoty v baz\u00e9novej vode<\/strong>\u00a0a hod\u00ed sa pre baz\u00e9ny umiesten\u00e9 vonku aj v interi\u00e9ri.<\/p>\n<h3>Ako funguje pieskov\u00e1 filtr\u00e1cia?<\/h3>\n<p>Baz\u00e9nov\u00e1 voda sa pomocou \u010derpadla dost\u00e1va do filtra\u010dnej n\u00e1doby, tam sa prefiltruje cez\u00a0<strong>pieskov\u00fa vrstvu<\/strong>, ktor\u00e1 zachyt\u00e1va mechanick\u00e9 ne\u010distoty. Do filtr\u00e1cie voda vch\u00e1dza cez skimmer a pre\u010disten\u00e1 sa vracia do baz\u00e9na sp\u00e4tn\u00fdmi tryskami.<\/p>\n<h3>Ak\u00fa filtr\u00e1ciu zvoli\u0165?<\/h3>\n<p>Filtr\u00e1cia by mala ma\u0165 dostato\u010dn\u00fa v\u00fdkonnos\u0165 pre dan\u00fd objem baz\u00e9na.\u00a0<strong>\u010c\u00edm v\u00e4\u010d\u0161\u00ed baz\u00e9n, t\u00fdm v\u00fdkonnej\u0161ia filtr\u00e1cia.<\/strong>\u00a0V\u0161eobecne plat\u00ed, \u017ee by sa voda v celom baz\u00e9ne mala prefiltrova\u0165 po\u010das\u00a0<strong>6-8 hod\u00edn<\/strong>. Pri vysok\u00fdch teplot\u00e1ch a v\u00e4\u010d\u0161om zne\u010disten\u00ed by mala filtr\u00e1cia zvl\u00e1dnu\u0165 cel\u00fd objem vody u\u017e za 3-4 hodiny. Nemus\u00edte by\u0165 baz\u00e9nov\u00fd odborn\u00edk, najvhodnej\u0161iu filtr\u00e1ciu pre v\u00e1\u0161 baz\u00e9n v\u00e1m odporu\u010d\u00edme my.<\/p>\n<p><strong>Pieskov\u00e1 filtr\u00e1cia sa sklad\u00e1 z:<\/strong><br \/>\n\u2013 filtra\u010dnej n\u00e1doby s pieskom (na obr\u00e1zku v\u013eavo)<br \/>\n\u2013 \u010derpadla (na obr\u00e1zku uprostred)<br \/>\n\u2013 \u0161es\u0165cestn\u00e9ho ventilu (na obr\u00e1zku vpravo)<br \/>\n&lt;h\u0161&gt;Filtra\u010dn\u00e1 n\u00e1doba s pieskom&lt;\/h\u0161&gt;<br \/>\nFiltra\u010dn\u00e1 n\u00e1doba je plnen\u00e1 do polovice\u00a0<strong>kremi\u010dit\u00fdm pieskom<\/strong>\u00a0ve\u013ekosti 0,4 a\u017e 1,25 mm. Doba pou\u017eitia piesku je z\u00e1visl\u00e1 od zne\u010distenia baz\u00e9na a od prostredia, v ktorom je baz\u00e9n prev\u00e1dzkovan\u00fd, priemerne 2 a\u017e 3 roky.<br \/>\nPod\u013ea ve\u013ekosti baz\u00e9na pou\u017e\u00edvame filtra\u010dn\u00e9 n\u00e1doby s priemerom 400 mm, 500 mm alebo 600 mm.<\/p>\n<h3>Ako a kedy \u010disti\u0165 pieskov\u00fa filtr\u00e1ciu?<\/h3>\n<p>S\u00fa\u010das\u0165ou filtr\u00e1cie je\u00a0<strong>\u0161es\u0165cestn\u00fd ventil<\/strong>, pomocou ktor\u00e9ho sa jednoducho sp\u00fa\u0161\u0165a proces prepl\u00e1chnutia pieskovej n\u00e1plne. Sta\u010d\u00ed ventil nastavi\u0165 na po\u017eadovan\u00fa poz\u00edciu (filtr\u00e1cia, preplach filtra, vypl\u00e1chnutie filtra, recirkul\u00e1cia, vyp\u00fa\u0161\u0165anie, zatvorenie)<br \/>\nPo\u010das sez\u00f3ny odpor\u00fa\u010dame piesok takto \u010disti\u0165 raz za 10 dn\u00ed.<\/p>\n<h3>Na \u010do je vhodn\u00e9 \u010derpadlo a kam ho umiestni\u0165?<\/h3>\n<p><strong>Baz\u00e9nov\u00e9 \u010derpadlo<\/strong>\u00a0je nevyhnutnou s\u00fa\u010das\u0165ou pieskovej filtr\u00e1cie. Funkciou \u010derpadla je pretla\u010di\u0165 vodu cez filtra\u010dn\u00fa n\u00e1dobu a\u017e do baz\u00e9na a zabezpe\u010di\u0165 recirkul\u00e1ciu vody v baz\u00e9ne. Za pomoci tohto \u010derpadla a \u0161es\u0165cestn\u00e9ho ventilu je mo\u017en\u00e9 vys\u00e1va\u0165 alebo vyp\u00fa\u0161\u0165a\u0165 vodu z baz\u00e9na.<br \/>\nAby sa nezni\u017eoval v\u00fdkon, je vhodn\u00e9 \u010derpadlo umiestni\u0165 pod v\u00fd\u0161kou hladiny vody v baz\u00e9ne.<br \/>\nV z\u00e1vislosti od ve\u013ekosti baz\u00e9na pou\u017e\u00edvame \u010derpadl\u00e1 s kapacitou<\/p>\n<ul>\n<li>9 m<sup>3<\/sup>\/hod<\/li>\n<li>11 m<sup>3<\/sup>\/hod<\/li>\n<li>alebo 14 m<sup>3<\/sup>\/hod<\/li>\n<\/ul>\n<p>[\/vc_column_text][\/vc_column][\/vc_row][vc_row][vc_column width=&#8220;1\/3&#8243;][\/vc_column][vc_column width=&#8220;1\/3&#8243;]<div class=\"grve-element grve-image grve-align-center\">\r\n\t<div class=\"grve-image-item\">\r\n\t\t\r\n\r\n<div class=\"grve-image-wrapper grve-no-effect\">\r\n\t\t<div class=\"grve-thumbnail-wrapper\"  style=\"width: 1000px;\"><div class=\"grve-thumbnail\"  style=\"padding-top: 66.7%;\"><img loading=\"lazy\" decoding=\"async\" width=\"1000\" height=\"667\" src=\"https:\/\/pool-spa.sk\/wp-content\/uploads\/2024\/06\/DSC_7857.png\" class=\"attachment-full size-full\" alt=\"\" data-column-space=\"auto\" data-lazyload=\"\" data-grve-filter=\"yes\" srcset=\"https:\/\/pool-spa.sk\/wp-content\/uploads\/2024\/06\/DSC_7857.png 1000w, https:\/\/pool-spa.sk\/wp-content\/uploads\/2024\/06\/DSC_7857-300x200.png 300w, https:\/\/pool-spa.sk\/wp-content\/uploads\/2024\/06\/DSC_7857-768x512.png 768w\" sizes=\"auto, (max-width: 1000px) 100vw, 1000px\" \/><\/div><\/div>\t<\/div>\r\n\t<\/div>\r\n<\/div>\r\n[\/vc_column][vc_column width=&#8220;1\/3&#8243;][\/vc_column][\/vc_row]<\/p>\n<\/div>","protected":false},"excerpt":{"rendered":"<p>[vc_row][vc_column][vc_column_text] Pieskov\u00e1 filtr\u00e1cia sa pou\u017e\u00edva pri baz\u00e9noch od 13 m3. \u010cist\u00ed v\u0161etky\u00a0mechanick\u00e9 ne\u010distoty v baz\u00e9novej vode\u00a0a hod\u00ed sa pre baz\u00e9ny umiesten\u00e9 vonku aj v interi\u00e9ri. Ako funguje pieskov\u00e1 filtr\u00e1cia? Baz\u00e9nov\u00e1 voda sa pomocou \u010derpadla dost\u00e1va do filtra\u010dnej n\u00e1doby, tam sa prefiltruje cez\u00a0pieskov\u00fa vrstvu, ktor\u00e1 zachyt\u00e1va mechanick\u00e9 ne\u010distoty. Do filtr\u00e1cie voda vch\u00e1dza cez skimmer a pre\u010disten\u00e1 [&hellip;]<\/p>\n","protected":false},"author":1,"featured_media":0,"parent":0,"menu_order":0,"comment_status":"closed","ping_status":"closed","template":"","meta":{"footnotes":""},"class_list":["post-1190","page","type-page","status-publish","hentry","grve-entry-item"],"_links":{"self":[{"href":"https:\/\/pool-spa.sk\/index.php\/wp-json\/wp\/v2\/pages\/1190","targetHints":{"allow":["GET"]}}],"collection":[{"href":"https:\/\/pool-spa.sk\/index.php\/wp-json\/wp\/v2\/pages"}],"about":[{"href":"https:\/\/pool-spa.sk\/index.php\/wp-json\/wp\/v2\/types\/page"}],"author":[{"embeddable":true,"href":"https:\/\/pool-spa.sk\/index.php\/wp-json\/wp\/v2\/users\/1"}],"replies":[{"embeddable":true,"href":"https:\/\/pool-spa.sk\/index.php\/wp-json\/wp\/v2\/comments?post=1190"}],"version-history":[{"count":2,"href":"https:\/\/pool-spa.sk\/index.php\/wp-json\/wp\/v2\/pages\/1190\/revisions"}],"predecessor-version":[{"id":1235,"href":"https:\/\/pool-spa.sk\/index.php\/wp-json\/wp\/v2\/pages\/1190\/revisions\/1235"}],"wp:attachment":[{"href":"https:\/\/pool-spa.sk\/index.php\/wp-json\/wp\/v2\/media?parent=1190"}],"curies":[{"name":"wp","href":"https:\/\/api.w.org\/{rel}","templated":true}]}}