{"id":1186,"date":"2024-05-31T13:32:21","date_gmt":"2024-05-31T13:32:21","guid":{"rendered":"https:\/\/pool-spa.sk\/index.php\/tepelne-cerpadlo-copy\/"},"modified":"2024-06-05T08:00:37","modified_gmt":"2024-06-05T08:00:37","slug":"samocistiaci-bazen","status":"publish","type":"page","link":"https:\/\/pool-spa.sk\/index.php\/samocistiaci-bazen\/","title":{"rendered":"Samo\u010distiaci baz\u00e9n"},"content":{"rendered":"<div class=\"wpb-content-wrapper\"><p>[vc_row][vc_column]<div class=\"grve-empty-space grve-height-1x\"><\/div>[vc_column_text]<\/p>\n<h2>Baz\u00e9n sa \u010dist\u00ed, zatia\u013e \u010do vy sa k\u00fapete<\/h2>\n<h3>Ako to funguje?<\/h3>\n<p>Je to ako ke\u010f zamet\u00e1te podlahu. Vytvor\u00edte k\u00f4pku smet\u00ed, naberiete ju lopatkou a hod\u00edte do ko\u0161a. Toto v\u0161etko rob\u00ed syst\u00e9m za v\u00e1s, a tak st\u00e1le dokola, k\u00fdm nie je baz\u00e9n dokonale \u010dist\u00fd.<\/p>\n<h3>Namiesto metli\u010dky s\u00fa trysky a namiesto lopatky je filtr\u00e1cia<\/h3>\n<p>Trysky rotuj\u00fa okolo svojej osi, siln\u00fdm pr\u00fadom vody\u00a0<strong>nahr\u0148aj\u00fa ne\u010distoty<\/strong>\u00a0zo schodov a dna baz\u00e9na tak, aby sa dostali k v\u00fdpusti na dne baz\u00e9na. Odtia\u013e putuj\u00fa do zbernej alebo filtra\u010dnej n\u00e1doby.<\/p>\n<h3>Upratovanie, \u010do nie je ani vidno ani po\u010du\u0165<\/h3>\n<ul>\n<li>m\u00f4\u017ee by\u0165 v prev\u00e1dzke kedyko\u013evek,\u00a0<strong>aj po\u010das k\u00fapania v baz\u00e9ne<\/strong><\/li>\n<li>je bezpe\u010dn\u00e9 a tich\u00e9<\/li>\n<li>pracuje \u00faplne s\u00e1m vo vopred nastaven\u00fdch \u010dasov\u00fdch intervaloch<\/li>\n<li>\u010dist\u00ed v\u0161etky mechanick\u00e9 ne\u010distoty<\/li>\n<li>v\u010faka pravidelnej cirkul\u00e1cii redukuje mno\u017estvo pou\u017eitej ch\u00e9mie<\/li>\n<li>cirkul\u00e1cia udr\u017eiava rovnomern\u00fa teplou vody v celom baz\u00e9ne<\/li>\n<\/ul>\n<h3>Ako vyzer\u00e1?<\/h3>\n<p>Na prv\u00fd poh\u013ead nerozozn\u00e1te samo\u010distiaci baz\u00e9n od be\u017en\u00e9ho baz\u00e9na. Na druh\u00fd uvid\u00edte\u00a0<strong>nen\u00e1padn\u00e9 trysky na schodoch a dne baz\u00e9na<\/strong>, ktor\u00e9 sa v prev\u00e1dzke postupne vys\u00favaj\u00fa. Trysky s\u00fa dod\u00e1van\u00e9 v troch farebn\u00fdch variantoch, aby ladili s farbou baz\u00e9na.<\/p>\n<h3>Pre ak\u00e9 baz\u00e9ny je VANTAGE\u00ae ur\u010den\u00fd?<\/h3>\n<p>Je vhodn\u00fd iba do\u00a0<strong>novo zhotoven\u00fdch baz\u00e9nov<\/strong>. Jeho in\u0161tal\u00e1ciu vykon\u00e1vaj\u00fa autorizovan\u00ed technici, t\u00fdm je zaru\u010den\u00fd bezprobl\u00e9mov\u00fd chod syst\u00e9mu.<br \/>\n[\/vc_column_text][\/vc_column][\/vc_row][vc_row][vc_column width=&#8220;1\/4&#8243;]<div class=\"grve-element grve-image grve-align-center\">\r\n\t<div class=\"grve-image-item\">\r\n\t\t\r\n\r\n<div class=\"grve-image-wrapper grve-no-effect\">\r\n\t\t<div class=\"grve-thumbnail-wrapper\"  style=\"width: 800px;\"><div class=\"grve-thumbnail\"  style=\"padding-top: 61.125%;\"><img loading=\"lazy\" decoding=\"async\" width=\"800\" height=\"489\" src=\"https:\/\/pool-spa.sk\/wp-content\/uploads\/2024\/06\/001-2.jpg\" class=\"attachment-full size-full\" alt=\"\" data-column-space=\"auto\" data-lazyload=\"\" data-grve-filter=\"yes\" srcset=\"https:\/\/pool-spa.sk\/wp-content\/uploads\/2024\/06\/001-2.jpg 800w, https:\/\/pool-spa.sk\/wp-content\/uploads\/2024\/06\/001-2-300x183.jpg 300w, https:\/\/pool-spa.sk\/wp-content\/uploads\/2024\/06\/001-2-768x469.jpg 768w\" sizes=\"auto, (max-width: 800px) 100vw, 800px\" \/><\/div><\/div>\t<\/div>\r\n\t<\/div>\r\n<\/div>\r\n[\/vc_column][vc_column width=&#8220;1\/4&#8243;]<div class=\"grve-element grve-image grve-align-center\">\r\n\t<div class=\"grve-image-item\">\r\n\t\t\r\n\r\n<div class=\"grve-image-wrapper grve-no-effect\">\r\n\t\t<div class=\"grve-thumbnail-wrapper\"  style=\"width: 800px;\"><div class=\"grve-thumbnail\"  style=\"padding-top: 61.25%;\"><img loading=\"lazy\" decoding=\"async\" width=\"800\" height=\"490\" src=\"https:\/\/pool-spa.sk\/wp-content\/uploads\/2024\/06\/002-1.jpg\" class=\"attachment-full size-full\" alt=\"\" data-column-space=\"auto\" data-lazyload=\"\" data-grve-filter=\"yes\" srcset=\"https:\/\/pool-spa.sk\/wp-content\/uploads\/2024\/06\/002-1.jpg 800w, https:\/\/pool-spa.sk\/wp-content\/uploads\/2024\/06\/002-1-300x184.jpg 300w, https:\/\/pool-spa.sk\/wp-content\/uploads\/2024\/06\/002-1-768x470.jpg 768w\" sizes=\"auto, (max-width: 800px) 100vw, 800px\" \/><\/div><\/div>\t<\/div>\r\n\t<\/div>\r\n<\/div>\r\n[\/vc_column][vc_column width=&#8220;1\/4&#8243;]<div class=\"grve-element grve-image grve-align-center\">\r\n\t<div class=\"grve-image-item\">\r\n\t\t\r\n\r\n<div class=\"grve-image-wrapper grve-no-effect\">\r\n\t\t<div class=\"grve-thumbnail-wrapper\"  style=\"width: 800px;\"><div class=\"grve-thumbnail\"  style=\"padding-top: 61.25%;\"><img loading=\"lazy\" decoding=\"async\" width=\"800\" height=\"490\" src=\"https:\/\/pool-spa.sk\/wp-content\/uploads\/2024\/06\/003.jpg\" class=\"attachment-full size-full\" alt=\"\" data-column-space=\"auto\" data-lazyload=\"\" data-grve-filter=\"yes\" srcset=\"https:\/\/pool-spa.sk\/wp-content\/uploads\/2024\/06\/003.jpg 800w, https:\/\/pool-spa.sk\/wp-content\/uploads\/2024\/06\/003-300x184.jpg 300w, https:\/\/pool-spa.sk\/wp-content\/uploads\/2024\/06\/003-768x470.jpg 768w\" sizes=\"auto, (max-width: 800px) 100vw, 800px\" \/><\/div><\/div>\t<\/div>\r\n\t<\/div>\r\n<\/div>\r\n[\/vc_column][vc_column width=&#8220;1\/4&#8243;]<div class=\"grve-element grve-image grve-align-center\">\r\n\t<div class=\"grve-image-item\">\r\n\t\t\r\n\r\n<div class=\"grve-image-wrapper grve-no-effect\">\r\n\t\t<div class=\"grve-thumbnail-wrapper\"  style=\"width: 800px;\"><div class=\"grve-thumbnail\"  style=\"padding-top: 61.25%;\"><img loading=\"lazy\" decoding=\"async\" width=\"800\" height=\"490\" src=\"https:\/\/pool-spa.sk\/wp-content\/uploads\/2024\/06\/004.jpg\" class=\"attachment-full size-full\" alt=\"\" data-column-space=\"auto\" data-lazyload=\"\" data-grve-filter=\"yes\" srcset=\"https:\/\/pool-spa.sk\/wp-content\/uploads\/2024\/06\/004.jpg 800w, https:\/\/pool-spa.sk\/wp-content\/uploads\/2024\/06\/004-300x184.jpg 300w, https:\/\/pool-spa.sk\/wp-content\/uploads\/2024\/06\/004-768x470.jpg 768w\" sizes=\"auto, (max-width: 800px) 100vw, 800px\" \/><\/div><\/div>\t<\/div>\r\n\t<\/div>\r\n<\/div>\r\n[\/vc_column][\/vc_row]<\/p>\n<\/div>","protected":false},"excerpt":{"rendered":"<p>[vc_row][vc_column][vc_column_text] Baz\u00e9n sa \u010dist\u00ed, zatia\u013e \u010do vy sa k\u00fapete Ako to funguje? Je to ako ke\u010f zamet\u00e1te podlahu. Vytvor\u00edte k\u00f4pku smet\u00ed, naberiete ju lopatkou a hod\u00edte do ko\u0161a. Toto v\u0161etko rob\u00ed syst\u00e9m za v\u00e1s, a tak st\u00e1le dokola, k\u00fdm nie je baz\u00e9n dokonale \u010dist\u00fd. Namiesto metli\u010dky s\u00fa trysky a namiesto lopatky je filtr\u00e1cia Trysky rotuj\u00fa [&hellip;]<\/p>\n","protected":false},"author":1,"featured_media":0,"parent":0,"menu_order":0,"comment_status":"closed","ping_status":"closed","template":"","meta":{"footnotes":""},"class_list":["post-1186","page","type-page","status-publish","hentry","grve-entry-item"],"_links":{"self":[{"href":"https:\/\/pool-spa.sk\/index.php\/wp-json\/wp\/v2\/pages\/1186","targetHints":{"allow":["GET"]}}],"collection":[{"href":"https:\/\/pool-spa.sk\/index.php\/wp-json\/wp\/v2\/pages"}],"about":[{"href":"https:\/\/pool-spa.sk\/index.php\/wp-json\/wp\/v2\/types\/page"}],"author":[{"embeddable":true,"href":"https:\/\/pool-spa.sk\/index.php\/wp-json\/wp\/v2\/users\/1"}],"replies":[{"embeddable":true,"href":"https:\/\/pool-spa.sk\/index.php\/wp-json\/wp\/v2\/comments?post=1186"}],"version-history":[{"count":2,"href":"https:\/\/pool-spa.sk\/index.php\/wp-json\/wp\/v2\/pages\/1186\/revisions"}],"predecessor-version":[{"id":1252,"href":"https:\/\/pool-spa.sk\/index.php\/wp-json\/wp\/v2\/pages\/1186\/revisions\/1252"}],"wp:attachment":[{"href":"https:\/\/pool-spa.sk\/index.php\/wp-json\/wp\/v2\/media?parent=1186"}],"curies":[{"name":"wp","href":"https:\/\/api.w.org\/{rel}","templated":true}]}}