{"id":1145,"date":"2024-05-29T14:05:14","date_gmt":"2024-05-29T14:05:14","guid":{"rendered":"https:\/\/pool-spa.sk\/index.php\/tepelne-cerpadlo-copy\/"},"modified":"2024-06-04T14:49:45","modified_gmt":"2024-06-04T14:49:45","slug":"bazenovy-vysavac","status":"publish","type":"page","link":"https:\/\/pool-spa.sk\/index.php\/bazenovy-vysavac\/","title":{"rendered":"Baz\u00e9nov\u00fd vys\u00e1va\u010d"},"content":{"rendered":"<div class=\"wpb-content-wrapper\"><p>[vc_row][vc_column]<div class=\"grve-empty-space grve-height-1x\"><\/div>[vc_column_text]<\/p>\n<h2>Robotick\u00fd baz\u00e9nov\u00fd vys\u00e1va\u010d CE 1000<\/h2>\n<h3>V\u00e1\u0161 nevyhnutn\u00fd pomocn\u00edk pre \u010dist\u00fd baz\u00e9n<\/h3>\n<p><strong>CE 1000<\/strong> je robotick\u00fd baz\u00e9nov\u00fd vys\u00e1va\u010d, ktor\u00fd definuje nov\u00fa \u00e9ru \u00fadr\u017eby baz\u00e9na. V\u010faka pokro\u010dil\u00fdm funkcionalit\u00e1m a vysok\u00e9mu v\u00fdkonu je tento model ide\u00e1lnou vo\u013ebou pre v\u0161etky typy baz\u00e9nov.<\/p>\n<h3>Hlavn\u00e9 vlastnosti a funkcie:<\/h3>\n<ul>\n<li><strong>V\u00fdkonn\u00fd motor<\/strong>: S jeho 90 W motorom je CE 1000 kompaktn\u00fd a \u013eahk\u00fd (8 kg), \u010do zjednodu\u0161uje manipul\u00e1ciu a umo\u017e\u0148uje \u013eahk\u00e9 pren\u00e1\u0161anie a skladovanie.<\/li>\n<li><strong>Inteligentn\u00e1 navig\u00e1cia<\/strong>: Syst\u00e9m inteligentnej navig\u00e1cie zais\u0165uje efekt\u00edvne \u010distenie s pokryt\u00edm a\u017e 97 % plochy baz\u00e9na, vr\u00e1tane dnov, stien a vodnej l\u00ednie.<\/li>\n<li><strong>Dlh\u00e1 v\u00fddr\u017e bat\u00e9rie<\/strong>: Bat\u00e9ria vydr\u017e\u00ed a\u017e 3 hodiny, \u010do umo\u017e\u0148uje dokon\u010di\u0165 \u010distiace cykly bez potreby op\u00e4tovn\u00e9ho nab\u00edjania. Nab\u00edjac\u00ed \u010das je len 2,5 hodiny.<\/li>\n<li><strong>R\u00f4zne re\u017eimy \u010distenia<\/strong>: Pon\u00faka 7 re\u017eimov \u010distenia, ktor\u00e9 sa prisp\u00f4sobia rozli\u010dn\u00fdm tvarom a materi\u00e1lom baz\u00e9nov &#8211; od PVC, keramick\u00fdch dla\u017ed\u00edc, mozaiky, sklolamin\u00e1tu po bet\u00f3n.<\/li>\n<li><strong>Modern\u00e9 technol\u00f3gie<\/strong>: Zah\u0155\u0148a OTA (Over The Air) aktualiz\u00e1cie, ktor\u00e9 zabezpe\u010duj\u00fa, \u017ee v\u00e1\u0161 vys\u00e1va\u010d je v\u017edy vybaven\u00fd najnov\u0161\u00edm softv\u00e9rom.<\/li>\n<li><strong>Bezk\u00e1blov\u00fd dizajn<\/strong>: Zvy\u0161uje flexibilitu a eliminuje potrebu manipul\u00e1cie s k\u00e1blami po\u010das \u010distenia.<\/li>\n<li><strong>Komplexn\u00e9 \u010distiacie schopnosti<\/strong>: Vys\u00e1va\u010d zvl\u00e1dne \u010distenie dna, stien, vodnej l\u00ednie a dokonca aj schodov a sklonov v baz\u00e9ne.<\/li>\n<li><strong>Ovl\u00e1danie cez aplik\u00e1ciu<\/strong>: Pohodln\u00e9 ovl\u00e1danie vys\u00e1va\u010da prostredn\u00edctvom mobilnej aplik\u00e1cie znamen\u00e1, \u017ee m\u00f4\u017eete \u013eahko zvoli\u0165 re\u017eimy \u010distenia a sledova\u0165 pokrok kdeko\u013evek.<\/li>\n<li><strong>Vysok\u00e1 filtra\u010dn\u00e1 kapacita<\/strong>: S objemom filtr\u00e1cie 4 litre a filtra\u010dnou kapacitou 180 \u03bcm zabezpe\u010duje dokonal\u00e9 zachyt\u00e1vanie ne\u010dist\u00f4t.<\/li>\n<\/ul>\n<p><strong>Robotick\u00fd baz\u00e9nov\u00fd vys\u00e1va\u010d CE 1000<\/strong> pon\u00faka bezkonkuren\u010dn\u00fd v\u00fdkon, pokro\u010dil\u00fa technol\u00f3giu a pohodln\u00fa \u00fadr\u017ebu, \u010do ho rob\u00ed perfektn\u00fdm rie\u0161en\u00edm pre ka\u017ed\u00e9ho majite\u013ea baz\u00e9na, ktor\u00fd si praje udr\u017eiava\u0165 svoj baz\u00e9n v kryst\u00e1lom \u010distom stave bez zbyto\u010dnej n\u00e1mahy.[\/vc_column_text][\/vc_column][\/vc_row][vc_row][vc_column width=&#8220;1\/3&#8243;][\/vc_column][vc_column width=&#8220;1\/3&#8243;]<div class=\"grve-element grve-image grve-align-center\">\r\n\t<div class=\"grve-image-item\">\r\n\t\t\r\n\r\n<div class=\"grve-image-wrapper grve-no-effect\">\r\n\t\t<div class=\"grve-thumbnail-wrapper\"  style=\"width: 1000px;\"><div class=\"grve-thumbnail\"  style=\"padding-top: 75%;\"><img loading=\"lazy\" decoding=\"async\" width=\"1000\" height=\"750\" src=\"https:\/\/pool-spa.sk\/wp-content\/uploads\/2024\/06\/01.png\" class=\"attachment-full size-full\" alt=\"\" data-column-space=\"auto\" data-lazyload=\"\" data-grve-filter=\"yes\" srcset=\"https:\/\/pool-spa.sk\/wp-content\/uploads\/2024\/06\/01.png 1000w, https:\/\/pool-spa.sk\/wp-content\/uploads\/2024\/06\/01-300x225.png 300w, https:\/\/pool-spa.sk\/wp-content\/uploads\/2024\/06\/01-768x576.png 768w, https:\/\/pool-spa.sk\/wp-content\/uploads\/2024\/06\/01-560x420.png 560w, https:\/\/pool-spa.sk\/wp-content\/uploads\/2024\/06\/01-900x675.png 900w\" sizes=\"auto, (max-width: 1000px) 100vw, 1000px\" \/><\/div><\/div>\t<\/div>\r\n\t<\/div>\r\n<\/div>\r\n[\/vc_column][vc_column width=&#8220;1\/3&#8243;][\/vc_column][\/vc_row]<\/p>\n<\/div>","protected":false},"excerpt":{"rendered":"<p>[vc_row][vc_column][vc_column_text] Robotick\u00fd baz\u00e9nov\u00fd vys\u00e1va\u010d CE 1000 V\u00e1\u0161 nevyhnutn\u00fd pomocn\u00edk pre \u010dist\u00fd baz\u00e9n CE 1000 je robotick\u00fd baz\u00e9nov\u00fd vys\u00e1va\u010d, ktor\u00fd definuje nov\u00fa \u00e9ru \u00fadr\u017eby baz\u00e9na. V\u010faka pokro\u010dil\u00fdm funkcionalit\u00e1m a vysok\u00e9mu v\u00fdkonu je tento model ide\u00e1lnou vo\u013ebou pre v\u0161etky typy baz\u00e9nov. Hlavn\u00e9 vlastnosti a funkcie: V\u00fdkonn\u00fd motor: S jeho 90 W motorom je CE 1000 kompaktn\u00fd a [&hellip;]<\/p>\n","protected":false},"author":1,"featured_media":0,"parent":0,"menu_order":0,"comment_status":"closed","ping_status":"closed","template":"","meta":{"footnotes":""},"class_list":["post-1145","page","type-page","status-publish","hentry","grve-entry-item"],"_links":{"self":[{"href":"https:\/\/pool-spa.sk\/index.php\/wp-json\/wp\/v2\/pages\/1145","targetHints":{"allow":["GET"]}}],"collection":[{"href":"https:\/\/pool-spa.sk\/index.php\/wp-json\/wp\/v2\/pages"}],"about":[{"href":"https:\/\/pool-spa.sk\/index.php\/wp-json\/wp\/v2\/types\/page"}],"author":[{"embeddable":true,"href":"https:\/\/pool-spa.sk\/index.php\/wp-json\/wp\/v2\/users\/1"}],"replies":[{"embeddable":true,"href":"https:\/\/pool-spa.sk\/index.php\/wp-json\/wp\/v2\/comments?post=1145"}],"version-history":[{"count":2,"href":"https:\/\/pool-spa.sk\/index.php\/wp-json\/wp\/v2\/pages\/1145\/revisions"}],"predecessor-version":[{"id":1228,"href":"https:\/\/pool-spa.sk\/index.php\/wp-json\/wp\/v2\/pages\/1145\/revisions\/1228"}],"wp:attachment":[{"href":"https:\/\/pool-spa.sk\/index.php\/wp-json\/wp\/v2\/media?parent=1145"}],"curies":[{"name":"wp","href":"https:\/\/api.w.org\/{rel}","templated":true}]}}