{"id":1142,"date":"2024-05-29T13:59:15","date_gmt":"2024-05-29T13:59:15","guid":{"rendered":"https:\/\/pool-spa.sk\/index.php\/tepelne-cerpadlo-copy\/"},"modified":"2024-06-04T15:01:20","modified_gmt":"2024-06-04T15:01:20","slug":"protiprud-swim-star","status":"publish","type":"page","link":"https:\/\/pool-spa.sk\/index.php\/protiprud-swim-star\/","title":{"rendered":"Protipr\u00fad"},"content":{"rendered":"<div class=\"wpb-content-wrapper\"><p>[vc_row][vc_column]<div class=\"grve-empty-space grve-height-1x\"><\/div>[vc_column_text]<\/p>\n<h2>SwimStar<\/h2>\n<h3>Nie \u0161tandardn\u00fd Plaveck\u00fd protipr\u00fad.<\/h3>\n<p><strong>Syst\u00e9m SwimStar<\/strong> predstavuje revol\u00faciu v segmente baz\u00e9nov\u00fdch protipr\u00fadov, ktor\u00e1 prin\u00e1\u0161a do v\u00e1\u0161ho domova skuto\u010dn\u00fd z\u00e1\u017eitok z pl\u00e1vania v otvorenej vode. V\u010faka patentovanej turb\u00ednovej technol\u00f3gii vytv\u00e1ra SwimStar siln\u00fd, rovnomern\u00fd a \u0161irok\u00fd pr\u00fad vody, ktor\u00fd m\u00f4\u017eete individu\u00e1lne prisp\u00f4sobi\u0165 pod\u013ea va\u0161ich potrieb.<\/p>\n<h3>Hlavn\u00e9 Vlastnosti a V\u00fdhody:<\/h3>\n<ul>\n<li><strong>Individu\u00e1lne Nastavite\u013en\u00fd Pr\u00fad:<\/strong> So SwimStar m\u00f4\u017eete <strong>nastavi\u0165 intenzitu pr\u00fadu<\/strong> tak, aby vyhovovala va\u0161im osobn\u00fdm preferenci\u00e1m \u2013 od jemn\u00e9ho pl\u00e1vania po intenz\u00edvny tr\u00e9ning.<\/li>\n<li><strong>Unik\u00e1tny Dizajn a Technol\u00f3gia:<\/strong> Na\u0161e turb\u00edny s\u00fa navrhnut\u00e9 tak, aby poskytovali maxim\u00e1lnu efektivitu pr\u00fadenia vody, zabezpe\u010duj\u00fac tak pr\u00edjemn\u00fd a <strong>prirodzen\u00fd pocit<\/strong> z pl\u00e1vania.<\/li>\n<li><strong>Jednoduch\u00e1 In\u0161tal\u00e1cia a \u00dadr\u017eba:<\/strong> SwimStar je mo\u017en\u00e9 \u013eahko in\u0161talova\u0165 do nov\u00fdch alebo existuj\u00facich baz\u00e9nov bez potreby kontroln\u00fdch \u0161\u00e1cht alebo komplikovan\u00e9ho potrubia. V\u010faka syst\u00e9mu Easystar je in\u0161tal\u00e1cia r\u00fdchla a nen\u00e1ro\u010dn\u00e1.<\/li>\n<li><strong>Odolnos\u0165 a Bez\u00fadr\u017ebovos\u0165:<\/strong> V\u0161etky komponenty s\u00fa vyroben\u00e9 z kvalitn\u00e9ho V4A alebo PVC, \u010do zais\u0165uje dlhodob\u00fa odolnos\u0165 vo\u010di kor\u00f3zii, soli a chl\u00f3ru. Motor a klzn\u00e9 lo\u017eisk\u00e1 s\u00fa navrhnut\u00e9 pre bez\u00fadr\u017ebov\u00fa prev\u00e1dzku.<\/li>\n<li><strong>Pokro\u010dil\u00e9 Ovl\u00e1danie:<\/strong> Na ovl\u00e1danie syst\u00e9mu m\u00f4\u017eete pou\u017ei\u0165 r\u00e1diov\u00e9 dia\u013ekov\u00e9 ovl\u00e1danie alebo pr\u00edplatkov\u00e9 piezoelektrick\u00e9 tla\u010didl\u00e1, ktor\u00e9 zaru\u010duj\u00fa jednoduch\u00fa a intuit\u00edvnu manipul\u00e1ciu.<\/li>\n<\/ul>\n<p><strong>SwimStar<\/strong> prin\u00e1\u0161a do va\u0161ich domovov a z\u00e1hrad nekone\u010dn\u00e9 mo\u017enosti pre relax\u00e1ciu a fyzick\u00fa aktivitu, poskytuj\u00fac wellness pre du\u0161u s ka\u017ed\u00fdm z\u00e1berom. Vychutnajte si pocit slobody a pr\u00fadenie energie s ka\u017ed\u00fdm plaveck\u00fdm \u0165ahom, a to v\u0161etko z pohodlia v\u00e1\u0161ho domova.[\/vc_column_text][\/vc_column][\/vc_row][vc_row][vc_column width=&#8220;1\/3&#8243;]<div class=\"grve-element grve-image grve-align-center\">\r\n\t<div class=\"grve-image-item\">\r\n\t\t\r\n\r\n<div class=\"grve-image-wrapper grve-no-effect\">\r\n\t\t<div class=\"grve-thumbnail-wrapper\"  style=\"width: 1000px;\"><div class=\"grve-thumbnail\"  style=\"padding-top: 66.7%;\"><img loading=\"lazy\" decoding=\"async\" width=\"1000\" height=\"667\" src=\"https:\/\/pool-spa.sk\/wp-content\/uploads\/2024\/06\/02-1.jpg\" class=\"attachment-full size-full\" alt=\"\" data-column-space=\"auto\" data-lazyload=\"\" data-grve-filter=\"yes\" srcset=\"https:\/\/pool-spa.sk\/wp-content\/uploads\/2024\/06\/02-1.jpg 1000w, https:\/\/pool-spa.sk\/wp-content\/uploads\/2024\/06\/02-1-300x200.jpg 300w, https:\/\/pool-spa.sk\/wp-content\/uploads\/2024\/06\/02-1-768x512.jpg 768w\" sizes=\"auto, (max-width: 1000px) 100vw, 1000px\" \/><\/div><\/div>\t<\/div>\r\n\t<\/div>\r\n<\/div>\r\n[\/vc_column][vc_column width=&#8220;1\/3&#8243;]<div class=\"grve-element grve-image grve-align-center\">\r\n\t<div class=\"grve-image-item\">\r\n\t\t\r\n\r\n<div class=\"grve-image-wrapper grve-no-effect\">\r\n\t\t<div class=\"grve-thumbnail-wrapper\"  style=\"width: 1000px;\"><div class=\"grve-thumbnail\"  style=\"padding-top: 66.7%;\"><img loading=\"lazy\" decoding=\"async\" width=\"1000\" height=\"667\" src=\"https:\/\/pool-spa.sk\/wp-content\/uploads\/2024\/06\/01-1.jpg\" class=\"attachment-full size-full\" alt=\"\" data-column-space=\"auto\" data-lazyload=\"\" data-grve-filter=\"yes\" srcset=\"https:\/\/pool-spa.sk\/wp-content\/uploads\/2024\/06\/01-1.jpg 1000w, https:\/\/pool-spa.sk\/wp-content\/uploads\/2024\/06\/01-1-300x200.jpg 300w, https:\/\/pool-spa.sk\/wp-content\/uploads\/2024\/06\/01-1-768x512.jpg 768w\" sizes=\"auto, (max-width: 1000px) 100vw, 1000px\" \/><\/div><\/div>\t<\/div>\r\n\t<\/div>\r\n<\/div>\r\n[\/vc_column][vc_column width=&#8220;1\/3&#8243;]<div class=\"grve-element grve-image grve-align-center\">\r\n\t<div class=\"grve-image-item\">\r\n\t\t\r\n\r\n<div class=\"grve-image-wrapper grve-no-effect\">\r\n\t\t<div class=\"grve-thumbnail-wrapper\"  style=\"width: 1000px;\"><div class=\"grve-thumbnail\"  style=\"padding-top: 66.7%;\"><img loading=\"lazy\" decoding=\"async\" width=\"1000\" height=\"667\" src=\"https:\/\/pool-spa.sk\/wp-content\/uploads\/2024\/06\/03.jpg\" class=\"attachment-full size-full\" alt=\"\" data-column-space=\"auto\" data-lazyload=\"\" data-grve-filter=\"yes\" srcset=\"https:\/\/pool-spa.sk\/wp-content\/uploads\/2024\/06\/03.jpg 1000w, https:\/\/pool-spa.sk\/wp-content\/uploads\/2024\/06\/03-300x200.jpg 300w, https:\/\/pool-spa.sk\/wp-content\/uploads\/2024\/06\/03-768x512.jpg 768w\" sizes=\"auto, (max-width: 1000px) 100vw, 1000px\" \/><\/div><\/div>\t<\/div>\r\n\t<\/div>\r\n<\/div>\r\n[\/vc_column][\/vc_row]<\/p>\n<\/div>","protected":false},"excerpt":{"rendered":"<p>[vc_row][vc_column][vc_column_text] SwimStar Nie \u0161tandardn\u00fd Plaveck\u00fd protipr\u00fad. Syst\u00e9m SwimStar predstavuje revol\u00faciu v segmente baz\u00e9nov\u00fdch protipr\u00fadov, ktor\u00e1 prin\u00e1\u0161a do v\u00e1\u0161ho domova skuto\u010dn\u00fd z\u00e1\u017eitok z pl\u00e1vania v otvorenej vode. V\u010faka patentovanej turb\u00ednovej technol\u00f3gii vytv\u00e1ra SwimStar siln\u00fd, rovnomern\u00fd a \u0161irok\u00fd pr\u00fad vody, ktor\u00fd m\u00f4\u017eete individu\u00e1lne prisp\u00f4sobi\u0165 pod\u013ea va\u0161ich potrieb. Hlavn\u00e9 Vlastnosti a V\u00fdhody: Individu\u00e1lne Nastavite\u013en\u00fd Pr\u00fad: So SwimStar m\u00f4\u017eete [&hellip;]<\/p>\n","protected":false},"author":1,"featured_media":0,"parent":0,"menu_order":0,"comment_status":"closed","ping_status":"closed","template":"","meta":{"footnotes":""},"class_list":["post-1142","page","type-page","status-publish","hentry","grve-entry-item"],"_links":{"self":[{"href":"https:\/\/pool-spa.sk\/index.php\/wp-json\/wp\/v2\/pages\/1142","targetHints":{"allow":["GET"]}}],"collection":[{"href":"https:\/\/pool-spa.sk\/index.php\/wp-json\/wp\/v2\/pages"}],"about":[{"href":"https:\/\/pool-spa.sk\/index.php\/wp-json\/wp\/v2\/types\/page"}],"author":[{"embeddable":true,"href":"https:\/\/pool-spa.sk\/index.php\/wp-json\/wp\/v2\/users\/1"}],"replies":[{"embeddable":true,"href":"https:\/\/pool-spa.sk\/index.php\/wp-json\/wp\/v2\/comments?post=1142"}],"version-history":[{"count":2,"href":"https:\/\/pool-spa.sk\/index.php\/wp-json\/wp\/v2\/pages\/1142\/revisions"}],"predecessor-version":[{"id":1240,"href":"https:\/\/pool-spa.sk\/index.php\/wp-json\/wp\/v2\/pages\/1142\/revisions\/1240"}],"wp:attachment":[{"href":"https:\/\/pool-spa.sk\/index.php\/wp-json\/wp\/v2\/media?parent=1142"}],"curies":[{"name":"wp","href":"https:\/\/api.w.org\/{rel}","templated":true}]}}