{"id":1131,"date":"2024-05-29T13:43:49","date_gmt":"2024-05-29T13:43:49","guid":{"rendered":"https:\/\/pool-spa.sk\/index.php\/tepelne-cerpadlo-copy\/"},"modified":"2024-06-05T08:20:10","modified_gmt":"2024-06-05T08:20:10","slug":"salinator","status":"publish","type":"page","link":"https:\/\/pool-spa.sk\/index.php\/salinator\/","title":{"rendered":"Salin\u00e1tor"},"content":{"rendered":"<div class=\"wpb-content-wrapper\"><p>[vc_row][vc_column]<div class=\"grve-empty-space grve-height-1x\"><\/div>[vc_column_text]<\/p>\n<h2>Salt Water Station<\/h2>\n<p><strong>Salt Water Station<\/strong> prin\u00e1\u0161a pokro\u010dil\u00e9 rie\u0161enie pre dezinfekciu baz\u00e9novej vody pomocou procesu hydrol\u00fdzy so\u013enej vody. Tento syst\u00e9m pon\u00faka v\u00fdnimo\u010dn\u00fa kvalitu a \u010distotu vody bez pou\u017eitia tradi\u010dn\u00fdch chemik\u00e1li\u00ed a zna\u010dne zjednodu\u0161uje \u00fadr\u017ebu baz\u00e9na.<\/p>\n<h3>K\u013e\u00fa\u010dov\u00e9 v\u00fdhody:<\/h3>\n<ul>\n<li><strong>Minim\u00e1lna salinita:<\/strong> S minim\u00e1lnou koncentr\u00e1ciou soli (1-2 g\/l) sa automaticky vyr\u00e1ba chl\u00f3rnan sodn\u00fd, oz\u00f3n a kysl\u00edk. A\u00a0tak je syst\u00e9m \u0161etrn\u00fd k\u00a0povrchu baz\u00e9na a\u00a0baz\u00e9novej technol\u00f3gii. Bez nepr\u00edjemn\u00e9ho z\u00e1pachu<\/li>\n<li><strong>Efekt\u00edvna dezinfekcia:<\/strong> Vyroben\u00fd chl\u00f3r spolu s oz\u00f3nom a kysl\u00edkom efekt\u00edvne ni\u010d\u00ed organick\u00e9 l\u00e1tky a choroboplodn\u00e9 z\u00e1rodky.<\/li>\n<li><strong>Bezpe\u010dn\u00e9 pre k\u00fapaj\u00facich:<\/strong> Neobsahuje l\u00e1tky dr\u00e1\u017ediace o\u010di alebo poko\u017eku, zaru\u010duje pr\u00edjemn\u00fd z\u00e1\u017eitok z k\u00fapania.<\/li>\n<li><strong>\u00daspora a ekol\u00f3gia:<\/strong> Nahr\u00e1dza n\u00e1kup, manipul\u00e1ciu a skladovanie chemick\u00fdch pr\u00edpravkov, vhodn\u00e9 pre alergikov a \u013eud\u00ed s citlivou poko\u017ekou.<\/li>\n<\/ul>\n<h3>Technick\u00e9 vlastnosti:<\/h3>\n<ul>\n<li><strong>Dotykov\u00fd displej:<\/strong> 4,3-palcov\u00fd oh\u0148ovzdorn\u00fd ABS plastov\u00fd panel s integrovan\u00fdmi alarmami a ovl\u00e1dan\u00edm.<\/li>\n<li><strong>Inteligentn\u00e9 funkcie:<\/strong> Regul\u00e1cia intenzity hydrol\u00fdzy pomocou 16-bitov\u00e9ho mikroprocesora, integrovan\u00e9 ovl\u00e1danie filtra\u010dn\u00e9ho \u010derpadla a svetla, regul\u00e1cia teploty.<\/li>\n<li><strong>Programovate\u013en\u00e9 samo\u010distenie<\/strong>: Mo\u017enos\u0165 nastavi\u0165 \u010distenie \u010dl\u00e1nkov pod\u013ea tvrdosti vody, \u010do zvy\u0161uje ich \u017eivotnos\u0165 a\u017e na 15,000 hod\u00edn.<\/li>\n<li><strong>Integrovan\u00e9 alarmy<\/strong>: Alarmy pre v\u0161etky typy por\u00fach zabezpe\u010duj\u00fa bezprobl\u00e9mov\u00fd chod.<\/li>\n<li><strong>Syst\u00e9m riadenia oxidantov<\/strong>: V\u00fdrobu oxidantov ako chl\u00f3rnan, oz\u00f3n a kysl\u00edk riadi 16-bitov\u00fd mikroprocesor, ktor\u00fd z\u00e1rove\u0148 reguluje intenzitu pr\u00fadu.<\/li>\n<li><strong>N\u00edzka vodivos\u0165<\/strong>: Efekt\u00edvna produkcia dezinfek\u010dn\u00fdch prostriedkov aj pri minim\u00e1lnej vodivos\u0165i (500 a\u017e 6,000 mS).<\/li>\n<li><strong>Zobrazenie \u00fa\u010dinnosti bunky<\/strong>: Informuje o efekt\u00edvnosti pr\u00e1ce \u010dl\u00e1nkov.<\/li>\n<li><strong>Ozn\u00e1menie o ukon\u010den\u00ed \u017eivotn\u00e9ho cyklu jednotky<\/strong>: Umo\u017e\u0148uje u\u017e\u00edvate\u013eovi v\u010das reagova\u0165 na potrebu v\u00fdmeny.<\/li>\n<li><strong>Integrovan\u00e9 ovl\u00e1danie filtra\u010dn\u00e9ho \u010derpadla a svetla<\/strong>: Plynul\u00e1 integr\u00e1cia s existuj\u00facimi syst\u00e9mami pre jednoduch\u0161ie ovl\u00e1danie.<\/li>\n<li><strong>Regul\u00e1cia teploty<\/strong>: Automatick\u00e1 kontrola teploty vody.<\/li>\n<li><strong>Ethernov\u00fd modul a kontrola pH<\/strong>: Mo\u017enosti pre pokro\u010dil\u00e9 monitorovanie a pripojenie do siete pre \u013eahk\u00fa spr\u00e1vu.<\/li>\n<li><strong>Automatick\u00e9 meranie vo\u013en\u00e9ho chl\u00f3ru<\/strong>: Zabezpe\u010duje neust\u00e1lu kontrolu kvality vody bez potreby manu\u00e1lneho testovania.<\/li>\n<\/ul>\n<p><strong>Salt Water Station<\/strong> predstavuje ide\u00e1lne rie\u0161enie pre majite\u013eov baz\u00e9nov, ktor\u00ed h\u013eadaj\u00fa efekt\u00edvnu, bezpe\u010dn\u00fa a ekologick\u00fa alternat\u00edvu pre udr\u017eanie \u010distej a zdravej baz\u00e9novej vody.[\/vc_column_text]<div class=\"grve-empty-space grve-height-2x\"><\/div>[vc_row_inner][vc_column_inner width=&#8220;1\/2&#8243;]<div class=\"grve-element grve-image grve-align-center\">\r\n\t<div class=\"grve-image-item\">\r\n\t\t\r\n\r\n<div class=\"grve-image-wrapper grve-no-effect\">\r\n\t\t<div class=\"grve-thumbnail-wrapper\"  style=\"width: 1000px;\"><div class=\"grve-thumbnail\"  style=\"padding-top: 66.7%;\"><img loading=\"lazy\" decoding=\"async\" width=\"1000\" height=\"667\" src=\"https:\/\/pool-spa.sk\/wp-content\/uploads\/2024\/06\/001-1.jpg\" class=\"attachment-full size-full\" alt=\"\" data-column-space=\"auto\" data-lazyload=\"\" data-grve-filter=\"yes\" srcset=\"https:\/\/pool-spa.sk\/wp-content\/uploads\/2024\/06\/001-1.jpg 1000w, https:\/\/pool-spa.sk\/wp-content\/uploads\/2024\/06\/001-1-300x200.jpg 300w, https:\/\/pool-spa.sk\/wp-content\/uploads\/2024\/06\/001-1-768x512.jpg 768w\" sizes=\"auto, (max-width: 1000px) 100vw, 1000px\" \/><\/div><\/div>\t<\/div>\r\n\t<\/div>\r\n<\/div>\r\n[\/vc_column_inner][vc_column_inner width=&#8220;1\/2&#8243;]<div class=\"grve-element grve-image grve-align-center\">\r\n\t<div class=\"grve-image-item\">\r\n\t\t\r\n\r\n<div class=\"grve-image-wrapper grve-no-effect\">\r\n\t\t<div class=\"grve-thumbnail-wrapper\"  style=\"width: 1000px;\"><div class=\"grve-thumbnail\"  style=\"padding-top: 66.7%;\"><img loading=\"lazy\" decoding=\"async\" width=\"1000\" height=\"667\" src=\"https:\/\/pool-spa.sk\/wp-content\/uploads\/2024\/06\/002.jpg\" class=\"attachment-full size-full\" alt=\"\" data-column-space=\"auto\" data-lazyload=\"\" data-grve-filter=\"yes\" srcset=\"https:\/\/pool-spa.sk\/wp-content\/uploads\/2024\/06\/002.jpg 1000w, https:\/\/pool-spa.sk\/wp-content\/uploads\/2024\/06\/002-300x200.jpg 300w, https:\/\/pool-spa.sk\/wp-content\/uploads\/2024\/06\/002-768x512.jpg 768w\" sizes=\"auto, (max-width: 1000px) 100vw, 1000px\" \/><\/div><\/div>\t<\/div>\r\n\t<\/div>\r\n<\/div>\r\n[\/vc_column_inner][\/vc_row_inner]<div class=\"grve-empty-space grve-height-2x\"><\/div>[vc_column_text]<\/p>\n<h2>So\u013en\u00fd syst\u00e9m Asin Aqua Salt<\/h2>\n<p>Pre baz\u00e9ny\u00a0<strong>do 60 m<sup>3<\/sup><\/strong>\u00a0(pri ochrane baz\u00e9na pred priamym slne\u010dn\u00fdm \u017eiaren\u00edm maxim\u00e1lne do 90 m<sup>3<\/sup>). S mo\u017enos\u0165ou pripojenia a ovl\u00e1dania teplomeru, filtr\u00e1cie, str\u00e1\u017eenia hladiny v prepadovej n\u00e1dr\u017ei, alebo skimmeru.<\/p>\n<h3>\u0160pecifik\u00e1cia<\/h3>\n<ul>\n<li>riadenie a d\u00e1vkovanie potrebn\u00e9ho mno\u017estva dezinfekcie<\/li>\n<li>meranie salinity<\/li>\n<li>d\u00e1vkovanie algic\u00eddu pre komplexn\u00e9 udr\u017eanie kvality vody<\/li>\n<li>vysok\u00fd v\u00fdkon a \u017eivotnos\u0165 v\u010faka tit\u00e1nov\u00fdm elektr\u00f3dam s rut\u00e9nio-iridiov\u00fdm povlakom<\/li>\n<li>materi\u00e1l elektr\u00f3d tie\u017e zais\u0165uje, \u017ee sa do vody neuvo\u013e\u0148uj\u00fa ta\u017ek\u00e9 kovy.<\/li>\n<li>elektronika riadiacej jednotky zais\u0165uje samo\u010distenie elektr\u00f3d.<\/li>\n<li>dotykov\u00fd displej<\/li>\n<li>jednoduch\u00e1 obsluha<\/li>\n<li>multijazy\u010dn\u00e9 ovl\u00e1danie<\/li>\n<li>kompaktn\u00e9 prevedenie<\/li>\n<li>peristaltick\u00e9 \u010derpadl\u00e1<\/li>\n<li>ve\u013emi jednoduch\u00e1 in\u0161tal\u00e1cia<\/li>\n<li>pokro\u010dil\u00e9 bezpe\u010dnostn\u00e9 funkcie<\/li>\n<li>detekcia prietoku meranej vody<\/li>\n<li>v\u00fdstup na internet a extern\u00fd displej<\/li>\n<\/ul>\n<p>Obsahuje sondu pH a REDOX<\/p>\n<h3>So\u013en\u00fd syst\u00e9m VA SALT SMART<\/h3>\n<p>Kompaktn\u00e9 so\u013en\u00e9 zariadenie ur\u010den\u00e9 pre s\u00fakromn\u00e9 baz\u00e9ny s mo\u017enos\u0165ou pripojenia mechanickej prietokovej klapky, senzoru salinity a vzdialen\u00e9ho\u00a0<strong>ovl\u00e1dania cez internet<\/strong>\u00a0Ey-Pool. Stanica m\u00e1 integrovan\u00fa automatick\u00fa \u00fapravu v\u00fdkonu s oh\u013eadom na prekrytie baz\u00e9na, regul\u00e1ciu pH a regul\u00e1ciu FCL alebo ORP \u2013 pod\u013ea typu sondy.<\/p>\n<p><strong>Odporu\u010den\u00e9 objemy baz\u00e9na:<\/strong>\u00a0do 50m<sup>3<\/sup>\u00a0a\u00a0do 75m<sup>3<\/sup><\/p>\n<p>S\u00fa\u010das\u0165ou balenia je tzv. pH set \u2013 pH sonda, nav\u0155tavac\u00ed diel, dr\u017eiak sondy, kalibra\u010dn\u00e9 roztoky<\/p>\n<p><strong>\u0160pecifik\u00e1cia<\/strong><\/p>\n<ul>\n<li>najnov\u0161ia technol\u00f3gia sp\u00ednania nap\u00e1jacieho zdroja zais\u0165uje efekt\u00edvnej\u0161iu produkciu chl\u00f3ru<\/li>\n<li>vy\u0161\u0161ia odolnos\u0165 elektrolytickej cely so \u017eivotnos\u0165ou 10.000 hod\u00edn<\/li>\n<li>n\u00edzka prev\u00e1dzkov\u00e1 teplota, ktor\u00e1 zais\u0165uje dlh\u0161iu \u017eivotnos\u0165<\/li>\n<li>jednoduch\u00e1 in\u0161tal\u00e1cia a ovl\u00e1danie jednotky<\/li>\n<li>doporu\u010den\u00e1 salinita 4-5 g\/l<\/li>\n<\/ul>\n<p>[\/vc_column_text][vc_row_inner][vc_column_inner width=&#8220;1\/2&#8243;]<div class=\"grve-element grve-image grve-align-center\">\r\n\t<div class=\"grve-image-item\">\r\n\t\t\r\n\r\n<div class=\"grve-image-wrapper grve-no-effect\">\r\n\t\t<div class=\"grve-thumbnail-wrapper\"  style=\"width: 1276px;\"><div class=\"grve-thumbnail\"  style=\"padding-top: 62.696%;\"><img loading=\"lazy\" decoding=\"async\" width=\"1276\" height=\"800\" src=\"https:\/\/pool-spa.sk\/wp-content\/uploads\/2024\/06\/x1.jpg\" class=\"attachment-full size-full\" alt=\"\" data-column-space=\"auto\" data-lazyload=\"\" data-grve-filter=\"yes\" srcset=\"https:\/\/pool-spa.sk\/wp-content\/uploads\/2024\/06\/x1.jpg 1276w, https:\/\/pool-spa.sk\/wp-content\/uploads\/2024\/06\/x1-300x188.jpg 300w, https:\/\/pool-spa.sk\/wp-content\/uploads\/2024\/06\/x1-1024x642.jpg 1024w, https:\/\/pool-spa.sk\/wp-content\/uploads\/2024\/06\/x1-768x482.jpg 768w\" sizes=\"auto, (max-width: 1276px) 100vw, 1276px\" \/><\/div><\/div>\t<\/div>\r\n\t<\/div>\r\n<\/div>\r\n[\/vc_column_inner][vc_column_inner width=&#8220;1\/2&#8243;]<div class=\"grve-element grve-image grve-align-center\">\r\n\t<div class=\"grve-image-item\">\r\n\t\t\r\n\r\n<div class=\"grve-image-wrapper grve-no-effect\">\r\n\t\t<div class=\"grve-thumbnail-wrapper\"  style=\"width: 1367px;\"><div class=\"grve-thumbnail\"  style=\"padding-top: 64.155%;\"><img loading=\"lazy\" decoding=\"async\" width=\"1367\" height=\"877\" src=\"https:\/\/pool-spa.sk\/wp-content\/uploads\/2024\/06\/x2.jpg\" class=\"attachment-full size-full\" alt=\"\" data-column-space=\"auto\" data-lazyload=\"\" data-grve-filter=\"yes\" srcset=\"https:\/\/pool-spa.sk\/wp-content\/uploads\/2024\/06\/x2.jpg 1367w, https:\/\/pool-spa.sk\/wp-content\/uploads\/2024\/06\/x2-300x192.jpg 300w, https:\/\/pool-spa.sk\/wp-content\/uploads\/2024\/06\/x2-1024x657.jpg 1024w, https:\/\/pool-spa.sk\/wp-content\/uploads\/2024\/06\/x2-768x493.jpg 768w\" sizes=\"auto, (max-width: 1367px) 100vw, 1367px\" \/><\/div><\/div>\t<\/div>\r\n\t<\/div>\r\n<\/div>\r\n[\/vc_column_inner][\/vc_row_inner][\/vc_column][\/vc_row]<\/p>\n<\/div>","protected":false},"excerpt":{"rendered":"<p>[vc_row][vc_column][vc_column_text] Salt Water Station Salt Water Station prin\u00e1\u0161a pokro\u010dil\u00e9 rie\u0161enie pre dezinfekciu baz\u00e9novej vody pomocou procesu hydrol\u00fdzy so\u013enej vody. Tento syst\u00e9m pon\u00faka v\u00fdnimo\u010dn\u00fa kvalitu a \u010distotu vody bez pou\u017eitia tradi\u010dn\u00fdch chemik\u00e1li\u00ed a zna\u010dne zjednodu\u0161uje \u00fadr\u017ebu baz\u00e9na. K\u013e\u00fa\u010dov\u00e9 v\u00fdhody: Minim\u00e1lna salinita: S minim\u00e1lnou koncentr\u00e1ciou soli (1-2 g\/l) sa automaticky vyr\u00e1ba chl\u00f3rnan sodn\u00fd, oz\u00f3n a kysl\u00edk. A\u00a0tak [&hellip;]<\/p>\n","protected":false},"author":1,"featured_media":0,"parent":0,"menu_order":0,"comment_status":"closed","ping_status":"closed","template":"","meta":{"footnotes":""},"class_list":["post-1131","page","type-page","status-publish","hentry","grve-entry-item"],"_links":{"self":[{"href":"https:\/\/pool-spa.sk\/index.php\/wp-json\/wp\/v2\/pages\/1131","targetHints":{"allow":["GET"]}}],"collection":[{"href":"https:\/\/pool-spa.sk\/index.php\/wp-json\/wp\/v2\/pages"}],"about":[{"href":"https:\/\/pool-spa.sk\/index.php\/wp-json\/wp\/v2\/types\/page"}],"author":[{"embeddable":true,"href":"https:\/\/pool-spa.sk\/index.php\/wp-json\/wp\/v2\/users\/1"}],"replies":[{"embeddable":true,"href":"https:\/\/pool-spa.sk\/index.php\/wp-json\/wp\/v2\/comments?post=1131"}],"version-history":[{"count":3,"href":"https:\/\/pool-spa.sk\/index.php\/wp-json\/wp\/v2\/pages\/1131\/revisions"}],"predecessor-version":[{"id":1257,"href":"https:\/\/pool-spa.sk\/index.php\/wp-json\/wp\/v2\/pages\/1131\/revisions\/1257"}],"wp:attachment":[{"href":"https:\/\/pool-spa.sk\/index.php\/wp-json\/wp\/v2\/media?parent=1131"}],"curies":[{"name":"wp","href":"https:\/\/api.w.org\/{rel}","templated":true}]}}